{"id":171,"date":"2024-05-23T08:57:45","date_gmt":"2024-05-23T08:57:45","guid":{"rendered":"https:\/\/bluebridgelaw.com\/?page_id=171"},"modified":"2026-04-01T09:44:27","modified_gmt":"2026-04-01T09:44:27","slug":"other-legal-support-services","status":"publish","type":"page","link":"https:\/\/bluebridgelaw.com\/fr\/other-legal-support-services\/","title":{"rendered":"Autres services d'assistance juridique"},"content":{"rendered":"<div data-elementor-type=\"wp-page\" data-elementor-id=\"171\" class=\"elementor elementor-171\" data-elementor-post-type=\"page\">\n\t\t\t\t<div class=\"elementor-element elementor-element-2b6f402 e-flex e-con-boxed e-con e-parent\" data-id=\"2b6f402\" data-element_type=\"container\" data-settings=\"{&quot;background_background&quot;:&quot;classic&quot;}\">\n\t\t\t\t\t<div class=\"e-con-inner\">\n\t\t<div class=\"elementor-element elementor-element-7c1f87a e-flex e-con-boxed e-con e-child\" data-id=\"7c1f87a\" data-element_type=\"container\">\n\t\t\t\t\t<div class=\"e-con-inner\">\n\t\t\t\t<div class=\"elementor-element elementor-element-799cf85 elementor-widget elementor-widget-heading\" data-id=\"799cf85\" data-element_type=\"widget\" data-widget_type=\"heading.default\">\n\t\t\t\t<div class=\"elementor-widget-container\">\n\t\t\t\t\t<h1 class=\"elementor-heading-title elementor-size-default\">AUTRES SERVICES D'ASSISTANCE JURIDIQUE<br><span style=\"font-size:100px\">EN FRANCE<\/span><\/h1>\t\t\t\t<\/div>\n\t\t\t\t<\/div>\n\t\t\t\t<div class=\"elementor-element elementor-element-2ef37a5 elementor-widget elementor-widget-heading\" data-id=\"2ef37a5\" data-element_type=\"widget\" data-widget_type=\"heading.default\">\n\t\t\t\t<div class=\"elementor-widget-container\">\n\t\t\t\t\t<h2 class=\"elementor-heading-title elementor-size-default\">EXPATRI\u00c9 VERS OU DE FRANCE AVEC LES CONSEILS JURIDIQUES AD\u00c9QUATS.<\/h2>\t\t\t\t<\/div>\n\t\t\t\t<\/div>\n\t\t\t\t<div class=\"elementor-element elementor-element-43c9f82 elementor-align-center elementor-widget elementor-widget-button\" data-id=\"43c9f82\" data-element_type=\"widget\" data-widget_type=\"button.default\">\n\t\t\t\t<div class=\"elementor-widget-container\">\n\t\t\t\t\t\t\t\t\t<div class=\"elementor-button-wrapper\">\n\t\t\t\t\t<a class=\"elementor-button elementor-button-link elementor-size-sm\" href=\"#contacto\">\n\t\t\t\t\t\t<span class=\"elementor-button-content-wrapper\">\n\t\t\t\t\t\t\t\t\t<span class=\"elementor-button-text\">CONTACTEZ-NOUS<\/span>\n\t\t\t\t\t<\/span>\n\t\t\t\t\t<\/a>\n\t\t\t\t<\/div>\n\t\t\t\t\t\t\t\t<\/div>\n\t\t\t\t<\/div>\n\t\t\t\t\t<\/div>\n\t\t\t\t<\/div>\n\t\t\t\t\t<\/div>\n\t\t\t\t<\/div>\n\t\t<div class=\"elementor-element elementor-element-6ebcfbf e-flex e-con-boxed e-con e-parent\" data-id=\"6ebcfbf\" data-element_type=\"container\">\n\t\t\t\t\t<div class=\"e-con-inner\">\n\t\t\t\t<div class=\"elementor-element elementor-element-5b241c6 elementor-widget elementor-widget-text-editor\" data-id=\"5b241c6\" data-element_type=\"widget\" data-widget_type=\"text-editor.default\">\n\t\t\t\t<div class=\"elementor-widget-container\">\n\t\t\t\t\t\t\t\t\t<p>Naviguer dans le paysage juridique peut s'av\u00e9rer complexe et difficile. Nos services d'assistance juridique complets sont con\u00e7us pour vous aider \u00e0 g\u00e9rer efficacement vos questions juridiques, en veillant \u00e0 ce que vos int\u00e9r\u00eats soient prot\u00e9g\u00e9s \u00e0 chaque \u00e9tape. Voici comment nous pouvons vous aider :<\/p>\t\t\t\t\t\t\t\t<\/div>\n\t\t\t\t<\/div>\n\t\t\t\t\t<\/div>\n\t\t\t\t<\/div>\n\t\t<div class=\"elementor-element elementor-element-af5d4c2 e-flex e-con-boxed e-con e-parent\" data-id=\"af5d4c2\" data-element_type=\"container\">\n\t\t\t\t\t<div class=\"e-con-inner\">\n\t\t<div class=\"elementor-element elementor-element-1f7d478 e-con-full e-flex e-con e-child\" data-id=\"1f7d478\" data-element_type=\"container\">\n\t\t\t\t<div class=\"elementor-element elementor-element-2b497ce elementor-widget elementor-widget-text-editor\" data-id=\"2b497ce\" data-element_type=\"widget\" data-widget_type=\"text-editor.default\">\n\t\t\t\t<div class=\"elementor-widget-container\">\n\t\t\t\t\t\t\t\t\t<h2><strong>R\u00e9daction et r\u00e9vision de contrats commerciaux<\/strong><\/h2>\t\t\t\t\t\t\t\t<\/div>\n\t\t\t\t<\/div>\n\t\t\t\t<div class=\"elementor-element elementor-element-3a347b0 elementor-widget elementor-widget-text-editor\" data-id=\"3a347b0\" data-element_type=\"widget\" data-widget_type=\"text-editor.default\">\n\t\t\t\t<div class=\"elementor-widget-container\">\n\t\t\t\t\t\t\t\t\t<p>Les contrats sont la colonne vert\u00e9brale de toute relation commerciale. Nous proposons :<\/p><ul><li><strong>R\u00e9daction de contrats :<\/strong> cr\u00e9ation de contrats commerciaux sur mesure, adapt\u00e9s aux besoins et aux objectifs de votre entreprise.<\/li><li><strong>R\u00e9vision de contrats :<\/strong> examen approfondi des contrats existants afin de s'assurer qu'ils sont juridiquement valables et prot\u00e8gent vos int\u00e9r\u00eats.<\/li><li><strong>Att\u00e9nuation des risques :<\/strong> identification et att\u00e9nuation des risques et responsabilit\u00e9s potentiels dans les termes du contrat.<\/li><\/ul>\t\t\t\t\t\t\t\t<\/div>\n\t\t\t\t<\/div>\n\t\t\t\t<\/div>\n\t\t<div class=\"elementor-element elementor-element-69d6afb e-con-full e-flex e-con e-child\" data-id=\"69d6afb\" data-element_type=\"container\">\n\t\t\t\t<div class=\"elementor-element elementor-element-b055ea0 elementor-widget elementor-widget-image\" data-id=\"b055ea0\" data-element_type=\"widget\" data-widget_type=\"image.default\">\n\t\t\t\t<div class=\"elementor-widget-container\">\n\t\t\t\t\t\t\t\t\t\t\t\t\t\t\t<img fetchpriority=\"high\" decoding=\"async\" width=\"800\" height=\"534\" src=\"https:\/\/bluebridgelaw.com\/wp-content\/uploads\/2025\/05\/pexels-pavel-danilyuk-7654600-1024x684.jpg\" class=\"attachment-large size-large wp-image-4629\" alt=\"|\" srcset=\"https:\/\/bluebridgelaw.com\/wp-content\/uploads\/2025\/05\/pexels-pavel-danilyuk-7654600-1024x684.jpg 1024w, https:\/\/bluebridgelaw.com\/wp-content\/uploads\/2025\/05\/pexels-pavel-danilyuk-7654600-300x200.jpg 300w, https:\/\/bluebridgelaw.com\/wp-content\/uploads\/2025\/05\/pexels-pavel-danilyuk-7654600-768x513.jpg 768w, https:\/\/bluebridgelaw.com\/wp-content\/uploads\/2025\/05\/pexels-pavel-danilyuk-7654600-1536x1025.jpg 1536w, https:\/\/bluebridgelaw.com\/wp-content\/uploads\/2025\/05\/pexels-pavel-danilyuk-7654600-2048x1367.jpg 2048w\" sizes=\"(max-width: 800px) 100vw, 800px\" title=\"\">\t\t\t\t\t\t\t\t\t\t\t\t\t\t\t<\/div>\n\t\t\t\t<\/div>\n\t\t\t\t<\/div>\n\t\t\t\t\t<\/div>\n\t\t\t\t<\/div>\n\t\t<div class=\"elementor-element elementor-element-cb130e4 e-flex e-con-boxed e-con e-parent\" data-id=\"cb130e4\" data-element_type=\"container\" data-settings=\"{&quot;background_background&quot;:&quot;classic&quot;}\">\n\t\t\t\t\t<div class=\"e-con-inner\">\n\t\t\t\t<div class=\"elementor-element elementor-element-6990eb1 elementor-widget elementor-widget-text-editor\" data-id=\"6990eb1\" data-element_type=\"widget\" data-widget_type=\"text-editor.default\">\n\t\t\t\t<div class=\"elementor-widget-container\">\n\t\t\t\t\t\t\t\t\t<h3><strong>Participation aux n\u00e9gociations et m\u00e9diations<\/strong><\/h3>\t\t\t\t\t\t\t\t<\/div>\n\t\t\t\t<\/div>\n\t\t\t\t<div class=\"elementor-element elementor-element-00cd0f8 elementor-widget elementor-widget-text-editor\" data-id=\"00cd0f8\" data-element_type=\"widget\" data-widget_type=\"text-editor.default\">\n\t\t\t\t<div class=\"elementor-widget-container\">\n\t\t\t\t\t\t\t\t\t<p>Une n\u00e9gociation et une m\u00e9diation efficaces peuvent pr\u00e9venir les litiges et favoriser des relations commerciales positives. Nos services comprennent :<\/p><ul><li><strong>Assistance \u00e0 la n\u00e9gociation :<\/strong> repr\u00e9sentation et assistance pendant les n\u00e9gociations afin de vous aider \u00e0 obtenir des conditions favorables.<\/li><li><strong>Services de m\u00e9diation :<\/strong> Assistance dans la r\u00e9solution des litiges par la m\u00e9diation, dans le but de trouver des solutions amiables et efficaces.<\/li><li><strong>Conseils strat\u00e9giques :<\/strong> Conseils avis\u00e9s sur les strat\u00e9gies et tactiques de n\u00e9gociation pour obtenir les r\u00e9sultats souhait\u00e9s.<\/li><\/ul>\t\t\t\t\t\t\t\t<\/div>\n\t\t\t\t<\/div>\n\t\t\t\t<div class=\"elementor-element elementor-element-c537958 elementor-widget elementor-widget-text-editor\" data-id=\"c537958\" data-element_type=\"widget\" data-widget_type=\"text-editor.default\">\n\t\t\t\t<div class=\"elementor-widget-container\">\n\t\t\t\t\t\t\t\t\t<h3><strong>Repr\u00e9sentation dans les proc\u00e9dures judiciaires<\/strong><\/h3>\t\t\t\t\t\t\t\t<\/div>\n\t\t\t\t<\/div>\n\t\t\t\t<div class=\"elementor-element elementor-element-79ba654 elementor-widget elementor-widget-text-editor\" data-id=\"79ba654\" data-element_type=\"widget\" data-widget_type=\"text-editor.default\">\n\t\t\t\t<div class=\"elementor-widget-container\">\n\t\t\t\t\t\t\t\t\t<p>Lorsque les litiges juridiques s'intensifient, il est essentiel de se faire repr\u00e9senter par un professionnel. Nous proposons :<\/p><ul><li><strong>Repr\u00e9sentation juridique :<\/strong> repr\u00e9sentation exp\u00e9riment\u00e9e dans les proc\u00e9dures civiles, commerciales et administratives.<\/li><li><strong>Gestion des litiges :<\/strong> prise en charge compl\u00e8te de tous les aspects du processus de litige, du d\u00e9p\u00f4t de la plainte \u00e0 la r\u00e9solution.<\/li><li><strong>D\u00e9fense :<\/strong> d\u00e9fense vigoureuse en votre nom afin de pr\u00e9senter efficacement votre dossier et de prot\u00e9ger vos droits l\u00e9gaux.<\/li><\/ul>\t\t\t\t\t\t\t\t<\/div>\n\t\t\t\t<\/div>\n\t\t\t\t\t<\/div>\n\t\t\t\t<\/div>\n\t\t<div class=\"elementor-element elementor-element-eddfcc3 e-flex e-con-boxed e-con e-parent\" data-id=\"eddfcc3\" data-element_type=\"container\">\n\t\t\t\t\t<div class=\"e-con-inner\">\n\t\t\t\t<div class=\"elementor-element elementor-element-3773ec4 elementor-widget elementor-widget-text-editor\" data-id=\"3773ec4\" data-element_type=\"widget\" data-widget_type=\"text-editor.default\">\n\t\t\t\t<div class=\"elementor-widget-container\">\n\t\t\t\t\t\t\t\t\t<h3><strong>R\u00e9daction et r\u00e9vision d'accords de r\u00e8glement<\/strong><\/h3>\t\t\t\t\t\t\t\t<\/div>\n\t\t\t\t<\/div>\n\t\t\t\t<div class=\"elementor-element elementor-element-c4e7bde elementor-widget elementor-widget-text-editor\" data-id=\"c4e7bde\" data-element_type=\"widget\" data-widget_type=\"text-editor.default\">\n\t\t\t\t<div class=\"elementor-widget-container\">\n\t\t\t\t\t\t\t\t\t<p>Les r\u00e8glements \u00e0 l'amiable permettent souvent de r\u00e9soudre les litiges plus efficacement que les proc\u00e9dures judiciaires. Nous proposons :<\/p><ul><li><strong>R\u00e9daction d'accords de r\u00e8glement :<\/strong> pr\u00e9paration d'accords de r\u00e8glement clairs et ex\u00e9cutoires qui prot\u00e8gent vos int\u00e9r\u00eats.<\/li><li><strong>R\u00e9vision d'accords :<\/strong> r\u00e9vision d\u00e9taill\u00e9e des accords de r\u00e8glement propos\u00e9s afin de garantir leur \u00e9quit\u00e9 et leur conformit\u00e9 avec les lois applicables.<\/li><li><strong>Assistance \u00e0 la n\u00e9gociation :<\/strong> aide \u00e0 la n\u00e9gociation des conditions de r\u00e8glement afin d'obtenir le meilleur r\u00e9sultat possible pour vous.<\/li><\/ul><p>\u00a0<\/p><p>Nos autres services d'assistance juridique sont con\u00e7us pour vous fournir l'expertise et le soutien dont vous avez besoin pour relever efficacement les d\u00e9fis juridiques. En vous associant \u00e0 nous, vous avez la garantie que vos affaires juridiques seront trait\u00e9es de mani\u00e8re professionnelle et efficace, ce qui vous permettra de vous concentrer sur vos activit\u00e9s commerciales principales. Contactez-nous d\u00e8s aujourd'hui pour en savoir plus sur la mani\u00e8re dont nous pouvons vous aider \u00e0 r\u00e9pondre \u00e0 vos besoins juridiques.<\/p>\t\t\t\t\t\t\t\t<\/div>\n\t\t\t\t<\/div>\n\t\t\t\t\t<\/div>\n\t\t\t\t<\/div>\n\t\t<div class=\"elementor-element elementor-element-fa91885 e-flex e-con-boxed e-con e-parent\" data-id=\"fa91885\" data-element_type=\"container\" data-settings=\"{&quot;background_background&quot;:&quot;classic&quot;}\">\n\t\t\t\t\t<div class=\"e-con-inner\">\n\t\t\t\t<div class=\"elementor-element elementor-element-b94176d elementor-widget elementor-widget-menu-anchor\" data-id=\"b94176d\" data-element_type=\"widget\" data-widget_type=\"menu-anchor.default\">\n\t\t\t\t<div class=\"elementor-widget-container\">\n\t\t\t\t\t\t\t<div class=\"elementor-menu-anchor\" id=\"contacto\"><\/div>\n\t\t\t\t\t\t<\/div>\n\t\t\t\t<\/div>\n\t\t\t\t<div class=\"elementor-element elementor-element-b86d2e8 elementor-widget elementor-widget-heading\" data-id=\"b86d2e8\" data-element_type=\"widget\" data-widget_type=\"heading.default\">\n\t\t\t\t<div class=\"elementor-widget-container\">\n\t\t\t\t\t<h2 class=\"elementor-heading-title elementor-size-default\">CONTACTEZ-NOUS<\/h2>\t\t\t\t<\/div>\n\t\t\t\t<\/div>\n\t\t\t\t\t<\/div>\n\t\t\t\t<\/div>\n\t\t<div class=\"elementor-element elementor-element-cta_container_qrr9y2v e-flex e-con-boxed e-con e-parent\" data-id=\"cta_container_qrr9y2v\" data-element_type=\"container\" data-settings=\"{&quot;background_background&quot;:&quot;classic&quot;}\">\n\t\t\t\t\t<div class=\"e-con-inner\">\n\t\t\t\t<div class=\"elementor-element elementor-element-h_zu2n2li elementor-widget elementor-widget-heading\" data-id=\"h_zu2n2li\" data-element_type=\"widget\" data-widget_type=\"heading.default\">\n\t\t\t\t<div class=\"elementor-widget-container\">\n\t\t\t\t\t<h2 class=\"elementor-heading-title elementor-size-default\">CONTACTEZ-NOUS<\/h2>\t\t\t\t<\/div>\n\t\t\t\t<\/div>\n\t\t\t\t<div class=\"elementor-element elementor-element-t_prgazmg elementor-widget elementor-widget-text-editor\" data-id=\"t_prgazmg\" data-element_type=\"widget\" data-widget_type=\"text-editor.default\">\n\t\t\t\t<div class=\"elementor-widget-container\">\n\t\t\t\t\t\t\t\t\t<p style=\"text-align:center;color:#F5EFE7;\">Contact us now and get your first free assessment within 48h<\/p>\t\t\t\t\t\t\t\t<\/div>\n\t\t\t\t<\/div>\n\t\t\t\t<div class=\"elementor-element elementor-element-b_4jbjnt6 elementor-align-center elementor-widget elementor-widget-button\" data-id=\"b_4jbjnt6\" data-element_type=\"widget\" data-widget_type=\"button.default\">\n\t\t\t\t<div class=\"elementor-widget-container\">\n\t\t\t\t\t\t\t\t\t<div class=\"elementor-button-wrapper\">\n\t\t\t\t\t<a class=\"elementor-button elementor-button-link elementor-size-lg\" href=\"https:\/\/bluebridgelaw.com\/fr\/#formulario\">\n\t\t\t\t\t\t<span class=\"elementor-button-content-wrapper\">\n\t\t\t\t\t\t\t\t\t<span class=\"elementor-button-text\">BOOK A CALL<\/span>\n\t\t\t\t\t<\/span>\n\t\t\t\t\t<\/a>\n\t\t\t\t<\/div>\n\t\t\t\t\t\t\t\t<\/div>\n\t\t\t\t<\/div>\n\t\t\t\t\t<\/div>\n\t\t\t\t<\/div>\n\t\t\t\t<\/div>","protected":false},"excerpt":{"rendered":"<p>OTHER LEGAL SUPPORT SERVICESIN FRANCE EXPATRIATE TO, OR FROM FRANCE WITH THE RIGHT LEGAL GUIDANCE. CONTACT US NOW Navigating the legal landscape can be complex and challenging. Our comprehensive legal support services are designed to assist you in managing legal matters effectively, ensuring your interests are protected at every step. Here\u2019s how we can support [&hellip;]<\/p>","protected":false},"author":1,"featured_media":0,"parent":0,"menu_order":0,"comment_status":"closed","ping_status":"closed","template":"","meta":{"footnotes":""},"class_list":["post-171","page","type-page","status-publish","hentry"],"_links":{"self":[{"href":"https:\/\/bluebridgelaw.com\/fr\/wp-json\/wp\/v2\/pages\/171","targetHints":{"allow":["GET"]}}],"collection":[{"href":"https:\/\/bluebridgelaw.com\/fr\/wp-json\/wp\/v2\/pages"}],"about":[{"href":"https:\/\/bluebridgelaw.com\/fr\/wp-json\/wp\/v2\/types\/page"}],"author":[{"embeddable":true,"href":"https:\/\/bluebridgelaw.com\/fr\/wp-json\/wp\/v2\/users\/1"}],"replies":[{"embeddable":true,"href":"https:\/\/bluebridgelaw.com\/fr\/wp-json\/wp\/v2\/comments?post=171"}],"version-history":[{"count":95,"href":"https:\/\/bluebridgelaw.com\/fr\/wp-json\/wp\/v2\/pages\/171\/revisions"}],"predecessor-version":[{"id":5812,"href":"https:\/\/bluebridgelaw.com\/fr\/wp-json\/wp\/v2\/pages\/171\/revisions\/5812"}],"wp:attachment":[{"href":"https:\/\/bluebridgelaw.com\/fr\/wp-json\/wp\/v2\/media?parent=171"}],"curies":[{"name":"wp","href":"https:\/\/api.w.org\/{rel}","templated":true}]}}