{"id":176,"date":"2024-05-23T09:41:47","date_gmt":"2024-05-23T09:41:47","guid":{"rendered":"https:\/\/bluebridgelaw.com\/?page_id=176"},"modified":"2026-04-01T09:44:27","modified_gmt":"2026-04-01T09:44:27","slug":"starting-business-in-france","status":"publish","type":"page","link":"https:\/\/bluebridgelaw.com\/fr\/starting-business-in-france\/","title":{"rendered":"Cr\u00e9ation d'entreprise"},"content":{"rendered":"<div data-elementor-type=\"wp-page\" data-elementor-id=\"176\" class=\"elementor elementor-176\" data-elementor-post-type=\"page\">\n\t\t\t\t<div class=\"elementor-element elementor-element-e6153f7 e-flex e-con-boxed e-con e-parent\" data-id=\"e6153f7\" data-element_type=\"container\" data-settings=\"{&quot;background_background&quot;:&quot;classic&quot;}\">\n\t\t\t\t\t<div class=\"e-con-inner\">\n\t\t<div class=\"elementor-element elementor-element-8145263 e-flex e-con-boxed e-con e-child\" data-id=\"8145263\" data-element_type=\"container\">\n\t\t\t\t\t<div class=\"e-con-inner\">\n\t\t\t\t<div class=\"elementor-element elementor-element-f9a0913 elementor-widget elementor-widget-heading\" data-id=\"f9a0913\" data-element_type=\"widget\" data-widget_type=\"heading.default\">\n\t\t\t\t<div class=\"elementor-widget-container\">\n\t\t\t\t\t<h1 class=\"elementor-heading-title elementor-size-default\">CR\u00c9ATION D'ENTREPRISE<br><span style=\"font-size:100px\">EN FRANCE<\/span><\/h1>\t\t\t\t<\/div>\n\t\t\t\t<\/div>\n\t\t\t\t<div class=\"elementor-element elementor-element-667a063 elementor-widget elementor-widget-heading\" data-id=\"667a063\" data-element_type=\"widget\" data-widget_type=\"heading.default\">\n\t\t\t\t<div class=\"elementor-widget-container\">\n\t\t\t\t\t<h1 class=\"elementor-heading-title elementor-size-default\">CR\u00c9ER VOTRE ENTREPRISE EN FRANCE<\/h1>\t\t\t\t<\/div>\n\t\t\t\t<\/div>\n\t\t\t\t<div class=\"elementor-element elementor-element-440893b elementor-align-center elementor-widget elementor-widget-button\" data-id=\"440893b\" data-element_type=\"widget\" data-widget_type=\"button.default\">\n\t\t\t\t<div class=\"elementor-widget-container\">\n\t\t\t\t\t\t\t\t\t<div class=\"elementor-button-wrapper\">\n\t\t\t\t\t<a class=\"elementor-button elementor-button-link elementor-size-sm\" href=\"#contacto\">\n\t\t\t\t\t\t<span class=\"elementor-button-content-wrapper\">\n\t\t\t\t\t\t\t\t\t<span class=\"elementor-button-text\">CONTACTEZ-NOUS<\/span>\n\t\t\t\t\t<\/span>\n\t\t\t\t\t<\/a>\n\t\t\t\t<\/div>\n\t\t\t\t\t\t\t\t<\/div>\n\t\t\t\t<\/div>\n\t\t\t\t\t<\/div>\n\t\t\t\t<\/div>\n\t\t\t\t\t<\/div>\n\t\t\t\t<\/div>\n\t\t<div class=\"elementor-element elementor-element-388af74 e-flex e-con-boxed e-con e-parent\" data-id=\"388af74\" data-element_type=\"container\">\n\t\t\t\t\t<div class=\"e-con-inner\">\n\t\t\t\t<div class=\"elementor-element elementor-element-67754c8 elementor-widget elementor-widget-text-editor\" data-id=\"67754c8\" data-element_type=\"widget\" data-widget_type=\"text-editor.default\">\n\t\t\t\t<div class=\"elementor-widget-container\">\n\t\t\t\t\t\t\t\t\t<p><strong>Cr\u00e9er une entreprise en France<\/strong> implique plusieurs \u00e9tapes essentielles, notamment le choix de la structure juridique appropri\u00e9e, l'enregistrement de votre entreprise et l'obtention des permis et licences n\u00e9cessaires.<\/p><p><strong>Notre service vous offre un accompagnement complet \u00e0 chaque \u00e9tape, de la planification initiale \u00e0 l'enregistrement officiel, afin de vous assurer que vous r\u00e9pondez \u00e0 toutes les exigences l\u00e9gales<\/strong> et que vous \u00eates bien pr\u00e9par\u00e9 pour lancer votre entreprise avec succ\u00e8s.<\/p>\t\t\t\t\t\t\t\t<\/div>\n\t\t\t\t<\/div>\n\t\t\t\t\t<\/div>\n\t\t\t\t<\/div>\n\t\t<div class=\"elementor-element elementor-element-c79eedd e-flex e-con-boxed e-con e-parent\" data-id=\"c79eedd\" data-element_type=\"container\">\n\t\t\t\t\t<div class=\"e-con-inner\">\n\t\t<div class=\"elementor-element elementor-element-66574c8 e-grid e-con-full e-con e-child\" data-id=\"66574c8\" data-element_type=\"container\">\n\t\t\t\t<div class=\"elementor-element elementor-element-5b8ea2e elementor-widget elementor-widget-image\" data-id=\"5b8ea2e\" data-element_type=\"widget\" data-widget_type=\"image.default\">\n\t\t\t\t<div class=\"elementor-widget-container\">\n\t\t\t\t\t\t\t\t\t\t\t\t\t\t\t<img fetchpriority=\"high\" decoding=\"async\" width=\"800\" height=\"450\" src=\"https:\/\/bluebridgelaw.com\/wp-content\/uploads\/2025\/06\/3-1-1024x576.png\" class=\"attachment-large size-large wp-image-4992\" alt=\"|\" srcset=\"https:\/\/bluebridgelaw.com\/wp-content\/uploads\/2025\/06\/3-1-1024x576.png 1024w, https:\/\/bluebridgelaw.com\/wp-content\/uploads\/2025\/06\/3-1-300x169.png 300w, https:\/\/bluebridgelaw.com\/wp-content\/uploads\/2025\/06\/3-1-768x432.png 768w, https:\/\/bluebridgelaw.com\/wp-content\/uploads\/2025\/06\/3-1-1536x864.png 1536w, https:\/\/bluebridgelaw.com\/wp-content\/uploads\/2025\/06\/3-1.png 1600w\" sizes=\"(max-width: 800px) 100vw, 800px\" title=\"\">\t\t\t\t\t\t\t\t\t\t\t\t\t\t\t<\/div>\n\t\t\t\t<\/div>\n\t\t<div class=\"elementor-element elementor-element-92df3ee e-con-full e-flex e-con e-child\" data-id=\"92df3ee\" data-element_type=\"container\">\n\t\t\t\t<div class=\"elementor-element elementor-element-45d9906 elementor-widget elementor-widget-heading\" data-id=\"45d9906\" data-element_type=\"widget\" data-widget_type=\"heading.default\">\n\t\t\t\t<div class=\"elementor-widget-container\">\n\t\t\t\t\t<h2 class=\"elementor-heading-title elementor-size-default\">Ouvrez votre entreprise en France<\/h2>\t\t\t\t<\/div>\n\t\t\t\t<\/div>\n\t\t\t\t<div class=\"elementor-element elementor-element-44d04e6 elementor-widget elementor-widget-text-editor\" data-id=\"44d04e6\" data-element_type=\"widget\" data-widget_type=\"text-editor.default\">\n\t\t\t\t<div class=\"elementor-widget-container\">\n\t\t\t\t\t\t\t\t\t<p>En outre, nous fournissons des conseils juridiques sur le respect de la r\u00e9glementation fiscale fran\u00e7aise, les obligations en mati\u00e8re de s\u00e9curit\u00e9 sociale et le droit du travail. Notre objectif est de simplifier le processus de cr\u00e9ation d'entreprise, <strong>en vous aidant \u00e0 \u00e9viter les pi\u00e8ges courants et \u00e0 ouvrir efficacement votre entreprise en France,<\/strong>afin que vous puissiez vous concentrer sur le d\u00e9veloppement de votre nouvelle activit\u00e9.<\/p>\t\t\t\t\t\t\t\t<\/div>\n\t\t\t\t<\/div>\n\t\t\t\t<\/div>\n\t\t\t\t<\/div>\n\t\t\t\t\t<\/div>\n\t\t\t\t<\/div>\n\t\t<div class=\"elementor-element elementor-element-3b52d5f e-flex e-con-boxed e-con e-parent\" data-id=\"3b52d5f\" data-element_type=\"container\">\n\t\t\t\t\t<div class=\"e-con-inner\">\n\t\t<div class=\"elementor-element elementor-element-c110672 e-con-full e-flex e-con e-child\" data-id=\"c110672\" data-element_type=\"container\">\n\t\t\t\t<div class=\"elementor-element elementor-element-4416876 elementor-widget elementor-widget-text-editor\" data-id=\"4416876\" data-element_type=\"widget\" data-widget_type=\"text-editor.default\">\n\t\t\t\t<div class=\"elementor-widget-container\">\n\t\t\t\t\t\t\t\t\t<p>Cr\u00e9er une entreprise dans un nouveau pays peut \u00eatre un processus complexe. Nos services complets de cr\u00e9ation d'entreprise sont con\u00e7us pour vous aider \u00e0 naviguer dans les m\u00e9andres de la cr\u00e9ation et de l'implantation de votre entreprise en France. Notre r\u00e9seau travaillera en \u00e9troite collaboration avec vous pour garantir que chaque aspect de la cr\u00e9ation de votre entreprise est g\u00e9r\u00e9 de mani\u00e8re efficace et efficiente.<\/p><h2><span style=\"color: #1e3359;\"><b>1. Analyse de vos besoins en mati\u00e8re de mise en \u0153uvre<\/b><\/span><\/h2><p><b><\/b><b><\/b><strong>Comprendre vos besoins :<\/strong> Nous commen\u00e7ons par analyser en profondeur les besoins et les objectifs sp\u00e9cifiques de votre entreprise. Cela implique :<\/p><ul><li>\u00a0\u00c9valuer votre mod\u00e8le commercial et vos objectifs.<\/li><li>\u00a0Comprendre le secteur et les conditions du march\u00e9.<\/li><li>Identifier la structure juridique la plus adapt\u00e9e \u00e0 votre entreprise.<\/li><li>\u00c9valuer les exigences r\u00e9glementaires et les questions de conformit\u00e9.<\/li><\/ul><p><strong>Solutions personnalis\u00e9es :<\/strong>Sur la base de cette analyse, nous vous proposons des solutions sur mesure pour r\u00e9pondre \u00e0 vos besoins sp\u00e9cifiques. Notre objectif est d'assurer la cr\u00e9ation harmonieuse et r\u00e9ussie de votre entreprise en France.<\/p>\t\t\t\t\t\t\t\t<\/div>\n\t\t\t\t<\/div>\n\t\t\t\t<\/div>\n\t\t\t\t\t<\/div>\n\t\t\t\t<\/div>\n\t\t<div class=\"elementor-element elementor-element-5ba00ea e-flex e-con-boxed e-con e-parent\" data-id=\"5ba00ea\" data-element_type=\"container\" data-settings=\"{&quot;background_background&quot;:&quot;classic&quot;}\">\n\t\t\t\t\t<div class=\"e-con-inner\">\n\t\t\t\t<div class=\"elementor-element elementor-element-1bfd0de elementor-widget elementor-widget-text-editor\" data-id=\"1bfd0de\" data-element_type=\"widget\" data-widget_type=\"text-editor.default\">\n\t\t\t\t<div class=\"elementor-widget-container\">\n\t\t\t\t\t\t\t\t\t<h2><strong>2. Cr\u00e9ation d'une succursale ou d'un bureau de repr\u00e9sentation<\/strong><\/h2>\t\t\t\t\t\t\t\t<\/div>\n\t\t\t\t<\/div>\n\t\t\t\t\t<\/div>\n\t\t\t\t<\/div>\n\t\t<div class=\"elementor-element elementor-element-bd3e711 e-flex e-con-boxed e-con e-parent\" data-id=\"bd3e711\" data-element_type=\"container\" data-settings=\"{&quot;background_background&quot;:&quot;classic&quot;}\">\n\t\t\t\t\t<div class=\"e-con-inner\">\n\t\t<div class=\"elementor-element elementor-element-d9620f9 e-grid e-con-full e-con e-child\" data-id=\"d9620f9\" data-element_type=\"container\">\n\t\t<div class=\"elementor-element elementor-element-6e1b04a e-con-full e-flex e-con e-child\" data-id=\"6e1b04a\" data-element_type=\"container\">\n\t\t\t\t<div class=\"elementor-element elementor-element-d9c88ee elementor-widget elementor-widget-text-editor\" data-id=\"d9c88ee\" data-element_type=\"widget\" data-widget_type=\"text-editor.default\">\n\t\t\t\t<div class=\"elementor-widget-container\">\n\t\t\t\t\t\t\t\t\t<p><strong>Cr\u00e9ation d'une succursale ou d'un bureau de repr\u00e9sentation :<\/strong>\u00a0Si vous souhaitez \u00e9tendre votre activit\u00e9 existante en France sans cr\u00e9er d'entit\u00e9 juridique distincte, la cr\u00e9ation d'une succursale ou d'un bureau de repr\u00e9sentation est une option id\u00e9ale. Nous vous aidons \u00e0 :<\/p><ul><li>\u00a0Enregistrer votre succursale ou votre bureau de repr\u00e9sentation aupr\u00e8s des autorit\u00e9s fran\u00e7aises.<\/li><li>G\u00e9rer tous les documents administratifs et juridiques n\u00e9cessaires.<\/li><li>Veiller au respect des lois et r\u00e9glementations locales.<\/li><li>Fournir un soutien continu pour les besoins op\u00e9rationnels.<\/li><\/ul>\t\t\t\t\t\t\t\t<\/div>\n\t\t\t\t<\/div>\n\t\t\t\t<\/div>\n\t\t\t\t<div class=\"elementor-element elementor-element-d491480 elementor-widget elementor-widget-image\" data-id=\"d491480\" data-element_type=\"widget\" data-widget_type=\"image.default\">\n\t\t\t\t<div class=\"elementor-widget-container\">\n\t\t\t\t\t\t\t\t\t\t\t\t\t\t\t<img decoding=\"async\" width=\"800\" height=\"450\" src=\"https:\/\/bluebridgelaw.com\/wp-content\/uploads\/2024\/09\/5-1024x576.png\" class=\"attachment-large size-large wp-image-2840\" alt=\"|\" srcset=\"https:\/\/bluebridgelaw.com\/wp-content\/uploads\/2024\/09\/5-1024x576.png 1024w, https:\/\/bluebridgelaw.com\/wp-content\/uploads\/2024\/09\/5-300x169.png 300w, https:\/\/bluebridgelaw.com\/wp-content\/uploads\/2024\/09\/5-768x432.png 768w, https:\/\/bluebridgelaw.com\/wp-content\/uploads\/2024\/09\/5-1536x864.png 1536w, https:\/\/bluebridgelaw.com\/wp-content\/uploads\/2024\/09\/5-18x10.png 18w, https:\/\/bluebridgelaw.com\/wp-content\/uploads\/2024\/09\/5.png 1600w\" sizes=\"(max-width: 800px) 100vw, 800px\" title=\"\">\t\t\t\t\t\t\t\t\t\t\t\t\t\t\t<\/div>\n\t\t\t\t<\/div>\n\t\t\t\t<\/div>\n\t\t\t\t\t<\/div>\n\t\t\t\t<\/div>\n\t\t<div class=\"elementor-element elementor-element-48300e4 e-flex e-con-boxed e-con e-parent\" data-id=\"48300e4\" data-element_type=\"container\" data-settings=\"{&quot;background_background&quot;:&quot;classic&quot;}\">\n\t\t\t\t\t<div class=\"e-con-inner\">\n\t\t\t\t<div class=\"elementor-element elementor-element-d69f5dd elementor-widget elementor-widget-text-editor\" data-id=\"d69f5dd\" data-element_type=\"widget\" data-widget_type=\"text-editor.default\">\n\t\t\t\t<div class=\"elementor-widget-container\">\n\t\t\t\t\t\t\t\t\t<h2>Avantages de cr\u00e9er une entreprise en France :<\/h2><ul><li><p>Entr\u00e9e rapide sur le march\u00e9.<\/p><\/li><li><p>Gestion et contr\u00f4le plus faciles depuis la soci\u00e9t\u00e9 m\u00e8re.<\/p><\/li><li><p>Possibilit\u00e9 de tester le march\u00e9 sans investissement important.<\/p><\/li><\/ul>\t\t\t\t\t\t\t\t<\/div>\n\t\t\t\t<\/div>\n\t\t\t\t\t<\/div>\n\t\t\t\t<\/div>\n\t\t<div class=\"elementor-element elementor-element-dcb5a6a e-flex e-con-boxed e-con e-parent\" data-id=\"dcb5a6a\" data-element_type=\"container\">\n\t\t\t\t\t<div class=\"e-con-inner\">\n\t\t<div class=\"elementor-element elementor-element-eedfcbc e-con-full e-flex e-con e-child\" data-id=\"eedfcbc\" data-element_type=\"container\">\n\t\t\t\t<div class=\"elementor-element elementor-element-83de236 elementor-widget elementor-widget-text-editor\" data-id=\"83de236\" data-element_type=\"widget\" data-widget_type=\"text-editor.default\">\n\t\t\t\t<div class=\"elementor-widget-container\">\n\t\t\t\t\t\t\t\t\t<h2><strong>3. Enregistrement d'une filiale en France<\/strong><\/h2><p><strong>Enregistrement d'une filiale :<\/strong>\u00a0La cr\u00e9ation d'une filiale permet \u00e0 votre entreprise d'op\u00e9rer en tant qu'entit\u00e9 juridique distincte en France. Nos services comprennent :<\/p><ul><li>Vous guider \u00e0 travers les exigences l\u00e9gales pour la cr\u00e9ation d'une filiale.<\/li><li>Pr\u00e9paration et d\u00e9p\u00f4t de tous les documents n\u00e9cessaires \u00e0 l'enregistrement.<\/li><li>Aide \u00e0 l'obtention des licences et permis n\u00e9cessaires.<\/li><li>Garantie de la conformit\u00e9 avec les lois et r\u00e9glementations fran\u00e7aises en mati\u00e8re de droit des soci\u00e9t\u00e9s.<\/li><\/ul><p><strong>Avantages :<\/strong><\/p><ul><li>Responsabilit\u00e9 limit\u00e9e pour la soci\u00e9t\u00e9 m\u00e8re.<\/li><li>Renforcement de la cr\u00e9dibilit\u00e9 aupr\u00e8s des clients et des partenaires.<\/li><li>Acc\u00e8s au financement local et aux subventions.<\/li><\/ul>\t\t\t\t\t\t\t\t<\/div>\n\t\t\t\t<\/div>\n\t\t\t\t<\/div>\n\t\t\t\t\t<\/div>\n\t\t\t\t<\/div>\n\t\t<div class=\"elementor-element elementor-element-9d00aa8 e-flex e-con-boxed e-con e-parent\" data-id=\"9d00aa8\" data-element_type=\"container\" data-settings=\"{&quot;background_background&quot;:&quot;classic&quot;}\">\n\t\t\t\t\t<div class=\"e-con-inner\">\n\t\t\t\t<div class=\"elementor-element elementor-element-9734cf1 elementor-widget elementor-widget-text-editor\" data-id=\"9734cf1\" data-element_type=\"widget\" data-widget_type=\"text-editor.default\">\n\t\t\t\t<div class=\"elementor-widget-container\">\n\t\t\t\t\t\t\t\t\t<h2><strong><span style=\"color: #1e3359;\">4. Cr\u00e9ation d'une nouvelle soci\u00e9t\u00e9<\/span><\/strong><\/h2>\t\t\t\t\t\t\t\t<\/div>\n\t\t\t\t<\/div>\n\t\t\t\t\t<\/div>\n\t\t\t\t<\/div>\n\t\t<div class=\"elementor-element elementor-element-66392b1 e-flex e-con-boxed e-con e-parent\" data-id=\"66392b1\" data-element_type=\"container\" data-settings=\"{&quot;background_background&quot;:&quot;classic&quot;}\">\n\t\t\t\t\t<div class=\"e-con-inner\">\n\t\t<div class=\"elementor-element elementor-element-dbb187d e-grid e-con-full e-con e-child\" data-id=\"dbb187d\" data-element_type=\"container\">\n\t\t\t\t<div class=\"elementor-element elementor-element-dc8cbec elementor-widget elementor-widget-image\" data-id=\"dc8cbec\" data-element_type=\"widget\" data-widget_type=\"image.default\">\n\t\t\t\t<div class=\"elementor-widget-container\">\n\t\t\t\t\t\t\t\t\t\t\t\t\t\t\t<img decoding=\"async\" width=\"800\" height=\"449\" src=\"https:\/\/bluebridgelaw.com\/wp-content\/uploads\/2025\/05\/pexels-seven11nash-380769-1024x575.jpg\" class=\"attachment-large size-large wp-image-4628\" alt=\"|\" srcset=\"https:\/\/bluebridgelaw.com\/wp-content\/uploads\/2025\/05\/pexels-seven11nash-380769-1024x575.jpg 1024w, https:\/\/bluebridgelaw.com\/wp-content\/uploads\/2025\/05\/pexels-seven11nash-380769-300x168.jpg 300w, https:\/\/bluebridgelaw.com\/wp-content\/uploads\/2025\/05\/pexels-seven11nash-380769-768x431.jpg 768w, https:\/\/bluebridgelaw.com\/wp-content\/uploads\/2025\/05\/pexels-seven11nash-380769-1536x862.jpg 1536w, https:\/\/bluebridgelaw.com\/wp-content\/uploads\/2025\/05\/pexels-seven11nash-380769-2048x1150.jpg 2048w\" sizes=\"(max-width: 800px) 100vw, 800px\" title=\"\">\t\t\t\t\t\t\t\t\t\t\t\t\t\t\t<\/div>\n\t\t\t\t<\/div>\n\t\t\t\t<div class=\"elementor-element elementor-element-a66ad57 elementor-widget elementor-widget-text-editor\" data-id=\"a66ad57\" data-element_type=\"widget\" data-widget_type=\"text-editor.default\">\n\t\t\t\t<div class=\"elementor-widget-container\">\n\t\t\t\t\t\t\t\t\t<p><strong>Cr\u00e9er une entreprise en France :<\/strong> Pour les entreprises qui partent de z\u00e9ro, nous proposons des services complets de cr\u00e9ation d'entreprise. Cela comprend :<\/p><ul><li>Vous aider \u00e0 choisir la structure juridique appropri\u00e9e (par exemple, SARL, SAS, SA).<\/li><li>Pr\u00e9parer et d\u00e9poser les documents de constitution.<\/li><li>Vous aider \u00e0 ouvrir un compte bancaire et \u00e0 mettre en place les premiers syst\u00e8mes comptables.<\/li><li>Vous fournir des conseils en mati\u00e8re d'enregistrement fiscal et de conformit\u00e9.<\/li><\/ul>\t\t\t\t\t\t\t\t<\/div>\n\t\t\t\t<\/div>\n\t\t\t\t<\/div>\n\t\t\t\t\t<\/div>\n\t\t\t\t<\/div>\n\t\t<div class=\"elementor-element elementor-element-cb130e4 e-flex e-con-boxed e-con e-parent\" data-id=\"cb130e4\" data-element_type=\"container\" data-settings=\"{&quot;background_background&quot;:&quot;classic&quot;}\">\n\t\t\t\t\t<div class=\"e-con-inner\">\n\t\t\t\t<div class=\"elementor-element elementor-element-5b241c6 elementor-widget elementor-widget-text-editor\" data-id=\"5b241c6\" data-element_type=\"widget\" data-widget_type=\"text-editor.default\">\n\t\t\t\t<div class=\"elementor-widget-container\">\n\t\t\t\t\t\t\t\t\t<p><strong>Services cl\u00e9s :<br \/><\/strong><\/p><ul><li>Enregistrement du nom et protection de la marque<\/li><li>R\u00e9daction et r\u00e9vision des statuts de la soci\u00e9t\u00e9.<\/li><li>Obtention du capital initial et des accords entre actionnaires.<\/li><\/ul><h2><strong>Why choosing us for a starting a business in France?<\/strong><\/h2><p>Notre \u00e9quipe est compos\u00e9e de professionnels exp\u00e9riment\u00e9s qui connaissent parfaitement le droit et la r\u00e9glementation fran\u00e7ais. Nous avons aid\u00e9 de nombreuses entreprises \u00e0 s'implanter en France.<\/p><p>Blue Bridge offre un accompagnement complet tout au long du processus de cr\u00e9ation d'entreprise, en veillant \u00e0 ce que tous les aspects soient pris en charge, de l'analyse initiale \u00e0 la mise en place op\u00e9rationnelle compl\u00e8te. Nous comprenons que chaque entreprise est unique.<\/p><p>Nos solutions sont personnalis\u00e9es pour r\u00e9pondre \u00e0 vos besoins et objectifs sp\u00e9cifiques, garantissant une implantation fluide et r\u00e9ussie en France. Nous nous engageons \u00e0 votre r\u00e9ussite. Notre objectif est de vous aider \u00e0 \u00e9tablir des bases solides pour votre entreprise, vous permettant ainsi de prosp\u00e9rer sur le march\u00e9 fran\u00e7ais.<\/p><h3><strong>Pr\u00eat \u00e0 cr\u00e9er votre entreprise en France ?<\/strong><\/h3><p>Contactez-nous d\u00e8s aujourd'hui pour planifier une consultation et d\u00e9couvrir comment nous pouvons vous aider dans toutes vos d\u00e9marches de cr\u00e9ation d'entreprise. Notre \u00e9quipe est l\u00e0 pour vous aider \u00e0 chaque \u00e9tape.<\/p>\t\t\t\t\t\t\t\t<\/div>\n\t\t\t\t<\/div>\n\t\t\t\t\t<\/div>\n\t\t\t\t<\/div>\n\t\t<div class=\"elementor-element elementor-element-fa91885 e-flex e-con-boxed e-con e-parent\" data-id=\"fa91885\" data-element_type=\"container\" data-settings=\"{&quot;background_background&quot;:&quot;classic&quot;}\">\n\t\t\t\t\t<div class=\"e-con-inner\">\n\t\t\t\t<div class=\"elementor-element elementor-element-d7adefd elementor-widget elementor-widget-menu-anchor\" data-id=\"d7adefd\" data-element_type=\"widget\" data-widget_type=\"menu-anchor.default\">\n\t\t\t\t<div class=\"elementor-widget-container\">\n\t\t\t\t\t\t\t<div class=\"elementor-menu-anchor\" id=\"contacto\"><\/div>\n\t\t\t\t\t\t<\/div>\n\t\t\t\t<\/div>\n\t\t\t\t<div class=\"elementor-element elementor-element-b86d2e8 elementor-widget elementor-widget-heading\" data-id=\"b86d2e8\" data-element_type=\"widget\" data-widget_type=\"heading.default\">\n\t\t\t\t<div class=\"elementor-widget-container\">\n\t\t\t\t\t<h2 class=\"elementor-heading-title elementor-size-default\">CONTACTEZ-NOUS<\/h2>\t\t\t\t<\/div>\n\t\t\t\t<\/div>\n\t\t\t\t\t<\/div>\n\t\t\t\t<\/div>\n\t\t<div class=\"elementor-element elementor-element-cta_container_odharcu e-flex e-con-boxed e-con e-parent\" data-id=\"cta_container_odharcu\" data-element_type=\"container\" data-settings=\"{&quot;background_background&quot;:&quot;classic&quot;}\">\n\t\t\t\t\t<div class=\"e-con-inner\">\n\t\t\t\t<div class=\"elementor-element elementor-element-h_3gwmpkc elementor-widget elementor-widget-heading\" data-id=\"h_3gwmpkc\" data-element_type=\"widget\" data-widget_type=\"heading.default\">\n\t\t\t\t<div class=\"elementor-widget-container\">\n\t\t\t\t\t<h2 class=\"elementor-heading-title elementor-size-default\">CONTACTEZ-NOUS<\/h2>\t\t\t\t<\/div>\n\t\t\t\t<\/div>\n\t\t\t\t<div class=\"elementor-element elementor-element-t_d127h7h elementor-widget elementor-widget-text-editor\" data-id=\"t_d127h7h\" data-element_type=\"widget\" data-widget_type=\"text-editor.default\">\n\t\t\t\t<div class=\"elementor-widget-container\">\n\t\t\t\t\t\t\t\t\t<p style=\"text-align:center;color:#F5EFE7;\">Contact us now and get your first free assessment within 48h<\/p>\t\t\t\t\t\t\t\t<\/div>\n\t\t\t\t<\/div>\n\t\t\t\t<div class=\"elementor-element elementor-element-b_dq76d0o elementor-align-center elementor-widget elementor-widget-button\" data-id=\"b_dq76d0o\" data-element_type=\"widget\" data-widget_type=\"button.default\">\n\t\t\t\t<div class=\"elementor-widget-container\">\n\t\t\t\t\t\t\t\t\t<div class=\"elementor-button-wrapper\">\n\t\t\t\t\t<a class=\"elementor-button elementor-button-link elementor-size-lg\" href=\"https:\/\/bluebridgelaw.com\/fr\/#formulario\">\n\t\t\t\t\t\t<span class=\"elementor-button-content-wrapper\">\n\t\t\t\t\t\t\t\t\t<span class=\"elementor-button-text\">BOOK A CALL<\/span>\n\t\t\t\t\t<\/span>\n\t\t\t\t\t<\/a>\n\t\t\t\t<\/div>\n\t\t\t\t\t\t\t\t<\/div>\n\t\t\t\t<\/div>\n\t\t\t\t\t<\/div>\n\t\t\t\t<\/div>\n\t\t\t\t<\/div>","protected":false},"excerpt":{"rendered":"<p>BUSINESS CREATIONIN FRANCE STARTING YOUR BUSINESS IN FRANCE CONTACT US NOW Starting a business in France involves navigating several essential steps, including choosing the appropriate legal structure, registering your business, and securing the necessary permits and licenses. Our service offers comprehensive support through each stage, from initial planning to official registration, ensuring that you meet [&hellip;]<\/p>","protected":false},"author":1,"featured_media":0,"parent":0,"menu_order":0,"comment_status":"closed","ping_status":"closed","template":"","meta":{"footnotes":""},"class_list":["post-176","page","type-page","status-publish","hentry"],"_links":{"self":[{"href":"https:\/\/bluebridgelaw.com\/fr\/wp-json\/wp\/v2\/pages\/176","targetHints":{"allow":["GET"]}}],"collection":[{"href":"https:\/\/bluebridgelaw.com\/fr\/wp-json\/wp\/v2\/pages"}],"about":[{"href":"https:\/\/bluebridgelaw.com\/fr\/wp-json\/wp\/v2\/types\/page"}],"author":[{"embeddable":true,"href":"https:\/\/bluebridgelaw.com\/fr\/wp-json\/wp\/v2\/users\/1"}],"replies":[{"embeddable":true,"href":"https:\/\/bluebridgelaw.com\/fr\/wp-json\/wp\/v2\/comments?post=176"}],"version-history":[{"count":122,"href":"https:\/\/bluebridgelaw.com\/fr\/wp-json\/wp\/v2\/pages\/176\/revisions"}],"predecessor-version":[{"id":5811,"href":"https:\/\/bluebridgelaw.com\/fr\/wp-json\/wp\/v2\/pages\/176\/revisions\/5811"}],"wp:attachment":[{"href":"https:\/\/bluebridgelaw.com\/fr\/wp-json\/wp\/v2\/media?parent=176"}],"curies":[{"name":"wp","href":"https:\/\/api.w.org\/{rel}","templated":true}]}}