{"id":246,"date":"2024-05-23T10:59:08","date_gmt":"2024-05-23T10:59:08","guid":{"rendered":"https:\/\/bluebridgelaw.com\/?page_id=246"},"modified":"2026-04-01T09:42:18","modified_gmt":"2026-04-01T09:42:18","slug":"services-for-individuals","status":"publish","type":"page","link":"https:\/\/bluebridgelaw.com\/fr\/services-for-individuals\/","title":{"rendered":"Services for Individuals"},"content":{"rendered":"<div data-elementor-type=\"wp-page\" data-elementor-id=\"246\" class=\"elementor elementor-246\" data-elementor-post-type=\"page\">\n\t\t\t\t<div class=\"elementor-element elementor-element-db25e7b e-flex e-con-boxed e-con e-parent\" data-id=\"db25e7b\" data-element_type=\"container\" data-settings=\"{&quot;background_background&quot;:&quot;classic&quot;}\">\n\t\t\t\t\t<div class=\"e-con-inner\">\n\t\t<div class=\"elementor-element elementor-element-9b03811 e-flex e-con-boxed e-con e-child\" data-id=\"9b03811\" data-element_type=\"container\">\n\t\t\t\t\t<div class=\"e-con-inner\">\n\t\t\t\t<div class=\"elementor-element elementor-element-b37683e elementor-widget elementor-widget-heading\" data-id=\"b37683e\" data-element_type=\"widget\" data-widget_type=\"heading.default\">\n\t\t\t\t<div class=\"elementor-widget-container\">\n\t\t\t\t\t<h1 class=\"elementor-heading-title elementor-size-default\">NOS SERVICES POUR LES PARTICULIERS<\/h1>\t\t\t\t<\/div>\n\t\t\t\t<\/div>\n\t\t\t\t<div class=\"elementor-element elementor-element-ca4f31c elementor-widget elementor-widget-heading\" data-id=\"ca4f31c\" data-element_type=\"widget\" data-widget_type=\"heading.default\">\n\t\t\t\t<div class=\"elementor-widget-container\">\n\t\t\t\t\t<h2 class=\"elementor-heading-title elementor-size-default\">EXPATRI\u00c9S VERS OU EN PROVENANCE DE LA FRANCE<br>EXPATRI\u00c9S VERS OU EN PROVENANCE DE LA FRANCE AVEC LES CONSEILS JURIDIQUES AD\u00c9QUATS<\/h2>\t\t\t\t<\/div>\n\t\t\t\t<\/div>\n\t\t\t\t<div class=\"elementor-element elementor-element-9b8629c elementor-align-center elementor-widget elementor-widget-button\" data-id=\"9b8629c\" data-element_type=\"widget\" data-widget_type=\"button.default\">\n\t\t\t\t<div class=\"elementor-widget-container\">\n\t\t\t\t\t\t\t\t\t<div class=\"elementor-button-wrapper\">\n\t\t\t\t\t<a class=\"elementor-button elementor-button-link elementor-size-sm\" href=\"#contacto\">\n\t\t\t\t\t\t<span class=\"elementor-button-content-wrapper\">\n\t\t\t\t\t\t\t\t\t<span class=\"elementor-button-text\">CONTACTEZ-NOUS<\/span>\n\t\t\t\t\t<\/span>\n\t\t\t\t\t<\/a>\n\t\t\t\t<\/div>\n\t\t\t\t\t\t\t\t<\/div>\n\t\t\t\t<\/div>\n\t\t\t\t\t<\/div>\n\t\t\t\t<\/div>\n\t\t\t\t\t<\/div>\n\t\t\t\t<\/div>\n\t\t<div class=\"elementor-element elementor-element-5f08a1f e-flex e-con-boxed e-con e-child\" data-id=\"5f08a1f\" data-element_type=\"container\" data-settings=\"{&quot;background_background&quot;:&quot;classic&quot;}\">\n\t\t\t\t\t<div class=\"e-con-inner\">\n\t\t\t\t<div class=\"elementor-element elementor-element-fdfd32c elementor-widget elementor-widget-heading\" data-id=\"fdfd32c\" data-element_type=\"widget\" data-widget_type=\"heading.default\">\n\t\t\t\t<div class=\"elementor-widget-container\">\n\t\t\t\t\t<h2 class=\"elementor-heading-title elementor-size-default\">UN ACCOMPAGNEMENT DE QUALIT\u00c9 POUR VOUS AIDER \u00c0 R\u00c9ALISER VOTRE PROJET EN FRANCE<\/h2>\t\t\t\t<\/div>\n\t\t\t\t<\/div>\n\t\t\t\t\t<\/div>\n\t\t\t\t<\/div>\n\t\t<div class=\"elementor-element elementor-element-e0d423c e-flex e-con-boxed e-con e-parent\" data-id=\"e0d423c\" data-element_type=\"container\">\n\t\t\t\t\t<div class=\"e-con-inner\">\n\t\t\t\t<div class=\"elementor-element elementor-element-b721660 elementor-widget elementor-widget-text-editor\" data-id=\"b721660\" data-element_type=\"widget\" data-widget_type=\"text-editor.default\">\n\t\t\t\t<div class=\"elementor-widget-container\">\n\t\t\t\t\t\t\t\t\t<p>De la pr\u00e9paration \u00e0 la mise en \u0153uvre de votre projet en France, nous vous accompagnons pas \u00e0 pas :<\/p><ul><li>Investisseurs<\/li><li>Cadres<\/li><li>Expatri\u00e9s<\/li><li>Travailleurs d\u00e9tach\u00e9s<\/li><li>Brexiters<\/li><li>Personnes hautement qualifi\u00e9es<\/li><li>Sportifs<\/li><li>Artistes de renom<\/li><\/ul>\t\t\t\t\t\t\t\t<\/div>\n\t\t\t\t<\/div>\n\t\t\t\t\t<\/div>\n\t\t\t\t<\/div>\n\t\t<div class=\"elementor-element elementor-element-cb130e4 e-flex e-con-boxed e-con e-parent\" data-id=\"cb130e4\" data-element_type=\"container\">\n\t\t\t\t\t<div class=\"e-con-inner\">\n\t\t<div class=\"elementor-element elementor-element-cc83591 e-flex e-con-boxed e-con e-child\" data-id=\"cc83591\" data-element_type=\"container\">\n\t\t\t\t\t<div class=\"e-con-inner\">\n\t\t<div class=\"elementor-element elementor-element-af6c389 e-flex e-con-boxed e-con e-child\" data-id=\"af6c389\" data-element_type=\"container\">\n\t\t\t\t\t<div class=\"e-con-inner\">\n\t\t<div class=\"elementor-element elementor-element-7eb3b29 e-con-full e-flex e-con e-child\" data-id=\"7eb3b29\" data-element_type=\"container\">\n\t\t\t\t<div class=\"elementor-element elementor-element-f1a99d6 elementor-cta--skin-cover elementor-animated-content elementor-bg-transform elementor-bg-transform-zoom-in elementor-widget elementor-widget-call-to-action\" data-id=\"f1a99d6\" data-element_type=\"widget\" data-widget_type=\"call-to-action.default\">\n\t\t\t\t<div class=\"elementor-widget-container\">\n\t\t\t\t\t\t\t<div class=\"elementor-cta\">\r\n\t\t\t\t\t<div class=\"elementor-cta__bg-wrapper\">\r\n\t\t\t\t<div class=\"elementor-cta__bg elementor-bg\" style=\"background-image: url(https:\/\/bluebridgelaw.com\/wp-content\/uploads\/2024\/05\/cckf4tshauw-1024x683.jpg);\" role=\"img\" aria-label=\"MacBook Pro, white ceramic mug,and black smartphone on table\"><\/div>\r\n\t\t\t\t<div class=\"elementor-cta__bg-overlay\"><\/div>\r\n\t\t\t<\/div>\r\n\t\t\t\t\t\t\t<div class=\"elementor-cta__content\">\r\n\t\t\t\t\r\n\t\t\t\t\t\t\t\t\t<h2 class=\"elementor-cta__title elementor-cta__content-item elementor-content-item elementor-animated-item--grow\">\r\n\t\t\t\t\t\tCr\u00e9ation d'entreprise\t\t\t\t\t<\/h2>\r\n\t\t\t\t\r\n\t\t\t\t\r\n\t\t\t\t\t\t\t\t\t<div class=\"elementor-cta__button-wrapper elementor-cta__content-item elementor-content-item elementor-animated-item--grow\">\r\n\t\t\t\t\t<a class=\"elementor-cta__button elementor-button elementor-size-\" href=\"https:\/\/bluebridgelaw.com\/fr\/business-creation\/\">\r\n\t\t\t\t\t\tPLUS D'INFOS\t\t\t\t\t<\/a>\r\n\t\t\t\t\t<\/div>\r\n\t\t\t\t\t\t\t<\/div>\r\n\t\t\t\t\t\t<\/div>\r\n\t\t\t\t\t\t<\/div>\n\t\t\t\t<\/div>\n\t\t\t\t<\/div>\n\t\t<div class=\"elementor-element elementor-element-c527134 e-con-full e-flex e-con e-child\" data-id=\"c527134\" data-element_type=\"container\">\n\t\t\t\t<div class=\"elementor-element elementor-element-932c777 elementor-cta--skin-cover elementor-animated-content elementor-bg-transform elementor-bg-transform-zoom-in elementor-widget elementor-widget-call-to-action\" data-id=\"932c777\" data-element_type=\"widget\" data-widget_type=\"call-to-action.default\">\n\t\t\t\t<div class=\"elementor-widget-container\">\n\t\t\t\t\t\t\t<div class=\"elementor-cta\">\r\n\t\t\t\t\t<div class=\"elementor-cta__bg-wrapper\">\r\n\t\t\t\t<div class=\"elementor-cta__bg elementor-bg\" style=\"background-image: url(https:\/\/bluebridgelaw.com\/wp-content\/uploads\/2024\/05\/gmj3tfolvna-1024x594.jpg);\" role=\"img\" aria-label=\"passport booklet on top of white paper\"><\/div>\r\n\t\t\t\t<div class=\"elementor-cta__bg-overlay\"><\/div>\r\n\t\t\t<\/div>\r\n\t\t\t\t\t\t\t<div class=\"elementor-cta__content\">\r\n\t\t\t\t\r\n\t\t\t\t\t\t\t\t\t<h2 class=\"elementor-cta__title elementor-cta__content-item elementor-content-item elementor-animated-item--grow\">\r\n\t\t\t\t\t\tVisas ou permis de s\u00e9jour en France\t\t\t\t\t<\/h2>\r\n\t\t\t\t\r\n\t\t\t\t\r\n\t\t\t\t\t\t\t\t\t<div class=\"elementor-cta__button-wrapper elementor-cta__content-item elementor-content-item elementor-animated-item--grow\">\r\n\t\t\t\t\t<a class=\"elementor-cta__button elementor-button elementor-size-\" href=\"https:\/\/bluebridgelaw.com\/fr\/visa-or-residence-permit-in-france\/\">\r\n\t\t\t\t\t\tPLUS D'INFOS\t\t\t\t\t<\/a>\r\n\t\t\t\t\t<\/div>\r\n\t\t\t\t\t\t\t<\/div>\r\n\t\t\t\t\t\t<\/div>\r\n\t\t\t\t\t\t<\/div>\n\t\t\t\t<\/div>\n\t\t\t\t<\/div>\n\t\t<div class=\"elementor-element elementor-element-907772a e-con-full e-flex e-con e-child\" data-id=\"907772a\" data-element_type=\"container\">\n\t\t\t\t<div class=\"elementor-element elementor-element-e74b70b elementor-cta--skin-cover elementor-animated-content elementor-bg-transform elementor-bg-transform-zoom-in elementor-widget elementor-widget-call-to-action\" data-id=\"e74b70b\" data-element_type=\"widget\" data-widget_type=\"call-to-action.default\">\n\t\t\t\t<div class=\"elementor-widget-container\">\n\t\t\t\t\t\t\t<div class=\"elementor-cta\">\r\n\t\t\t\t\t<div class=\"elementor-cta__bg-wrapper\">\r\n\t\t\t\t<div class=\"elementor-cta__bg elementor-bg\" style=\"background-image: url(https:\/\/bluebridgelaw.com\/wp-content\/uploads\/2024\/05\/DALL\u00b7E-2024-05-23-12.49.06-A-realistic-scene-showing-French-nationality-applications.-The-image-features-a-desk-with-neatly-organized-papers-official-forms-and-documents-label.webp);\" role=\"img\" aria-label=\"DALL\u00b7E 2024-05-23 12.49.06 - A realistic scene showing French nationality applications. The image features a desk with neatly organized papers, official forms, and documents label\"><\/div>\r\n\t\t\t\t<div class=\"elementor-cta__bg-overlay\"><\/div>\r\n\t\t\t<\/div>\r\n\t\t\t\t\t\t\t<div class=\"elementor-cta__content\">\r\n\t\t\t\t\r\n\t\t\t\t\t\t\t\t\t<h2 class=\"elementor-cta__title elementor-cta__content-item elementor-content-item elementor-animated-item--grow\">\r\n\t\t\t\t\t\tDemandes de nationalit\u00e9 fran\u00e7aise\t\t\t\t\t<\/h2>\r\n\t\t\t\t\r\n\t\t\t\t\r\n\t\t\t\t\t\t\t\t\t<div class=\"elementor-cta__button-wrapper elementor-cta__content-item elementor-content-item elementor-animated-item--grow\">\r\n\t\t\t\t\t<a class=\"elementor-cta__button elementor-button elementor-size-\" href=\"https:\/\/bluebridgelaw.com\/fr\/french-nationality-applications\/\">\r\n\t\t\t\t\t\tPLUS D'INFOS\t\t\t\t\t<\/a>\r\n\t\t\t\t\t<\/div>\r\n\t\t\t\t\t\t\t<\/div>\r\n\t\t\t\t\t\t<\/div>\r\n\t\t\t\t\t\t<\/div>\n\t\t\t\t<\/div>\n\t\t\t\t<\/div>\n\t\t\t\t\t<\/div>\n\t\t\t\t<\/div>\n\t\t\t\t\t<\/div>\n\t\t\t\t<\/div>\n\t\t<div class=\"elementor-element elementor-element-250f0fa e-flex e-con-boxed e-con e-child\" data-id=\"250f0fa\" data-element_type=\"container\">\n\t\t\t\t\t<div class=\"e-con-inner\">\n\t\t<div class=\"elementor-element elementor-element-9136ef3 e-flex e-con-boxed e-con e-child\" data-id=\"9136ef3\" data-element_type=\"container\">\n\t\t\t\t\t<div class=\"e-con-inner\">\n\t\t<div class=\"elementor-element elementor-element-2daff28 e-con-full e-flex e-con e-child\" data-id=\"2daff28\" data-element_type=\"container\">\n\t\t\t\t<div class=\"elementor-element elementor-element-0b1fb03 elementor-cta--skin-cover elementor-animated-content elementor-bg-transform elementor-bg-transform-zoom-in elementor-widget elementor-widget-call-to-action\" data-id=\"0b1fb03\" data-element_type=\"widget\" data-widget_type=\"call-to-action.default\">\n\t\t\t\t<div class=\"elementor-widget-container\">\n\t\t\t\t\t\t\t<div class=\"elementor-cta\">\r\n\t\t\t\t\t<div class=\"elementor-cta__bg-wrapper\">\r\n\t\t\t\t<div class=\"elementor-cta__bg elementor-bg\" style=\"background-image: url(https:\/\/bluebridgelaw.com\/wp-content\/uploads\/2024\/05\/DALL\u00b7E-2024-05-23-12.51.12-A-realistic-scene-depicting-Employment-Social-Security-and-Global-Mobility-matters.-The-image-shows-a-modern-office-desk-with-various-documents-and-.webp);\" role=\"img\" aria-label=\"DALL\u00b7E 2024-05-23 12.51.12 - A realistic scene depicting Employment, Social Security, and Global Mobility matters. The image shows a modern office desk with various documents and\"><\/div>\r\n\t\t\t\t<div class=\"elementor-cta__bg-overlay\"><\/div>\r\n\t\t\t<\/div>\r\n\t\t\t\t\t\t\t<div class=\"elementor-cta__content\">\r\n\t\t\t\t\r\n\t\t\t\t\t\t\t\t\t<h2 class=\"elementor-cta__title elementor-cta__content-item elementor-content-item elementor-animated-item--grow\">\r\n\t\t\t\t\t\tEmploi, s\u00e9curit\u00e9 sociale et mobilit\u00e9 internationale\t\t\t\t\t<\/h2>\r\n\t\t\t\t\r\n\t\t\t\t\r\n\t\t\t\t\t\t\t\t\t<div class=\"elementor-cta__button-wrapper elementor-cta__content-item elementor-content-item elementor-animated-item--grow\">\r\n\t\t\t\t\t<a class=\"elementor-cta__button elementor-button elementor-size-\" href=\"https:\/\/bluebridgelaw.com\/fr\/employment-social-security-and-global-mobility-matters\/\">\r\n\t\t\t\t\t\tPLUS D'INFOS\t\t\t\t\t<\/a>\r\n\t\t\t\t\t<\/div>\r\n\t\t\t\t\t\t\t<\/div>\r\n\t\t\t\t\t\t<\/div>\r\n\t\t\t\t\t\t<\/div>\n\t\t\t\t<\/div>\n\t\t\t\t<\/div>\n\t\t<div class=\"elementor-element elementor-element-10ae914 e-con-full e-flex e-con e-child\" data-id=\"10ae914\" data-element_type=\"container\">\n\t\t\t\t<div class=\"elementor-element elementor-element-bc77b67 elementor-cta--skin-cover elementor-animated-content elementor-bg-transform elementor-bg-transform-zoom-in elementor-widget elementor-widget-call-to-action\" data-id=\"bc77b67\" data-element_type=\"widget\" data-widget_type=\"call-to-action.default\">\n\t\t\t\t<div class=\"elementor-widget-container\">\n\t\t\t\t\t\t\t<div class=\"elementor-cta\">\r\n\t\t\t\t\t<div class=\"elementor-cta__bg-wrapper\">\r\n\t\t\t\t<div class=\"elementor-cta__bg elementor-bg\" style=\"background-image: url(https:\/\/bluebridgelaw.com\/wp-content\/uploads\/2024\/05\/DALL\u00b7E-2024-05-23-12.55.37-A-realistic-scene-depicting-settlement-formalities-in-France.-The-image-features-a-desk-in-a-modern-office-with-official-documents-and-forms-labeled-.webp);\" role=\"img\" aria-label=\"DALL\u00b7E 2024-05-23 12.55.37 - A realistic scene depicting settlement formalities in France. The image features a desk in a modern office with official documents and forms labeled &#039;\"><\/div>\r\n\t\t\t\t<div class=\"elementor-cta__bg-overlay\"><\/div>\r\n\t\t\t<\/div>\r\n\t\t\t\t\t\t\t<div class=\"elementor-cta__content\">\r\n\t\t\t\t\r\n\t\t\t\t\t\t\t\t\t<h2 class=\"elementor-cta__title elementor-cta__content-item elementor-content-item elementor-animated-item--grow\">\r\n\t\t\t\t\t\tFormalit\u00e9s d'installation en France\t\t\t\t\t<\/h2>\r\n\t\t\t\t\r\n\t\t\t\t\r\n\t\t\t\t\t\t\t\t\t<div class=\"elementor-cta__button-wrapper elementor-cta__content-item elementor-content-item elementor-animated-item--grow\">\r\n\t\t\t\t\t<a class=\"elementor-cta__button elementor-button elementor-size-\" href=\"https:\/\/bluebridgelaw.com\/fr\/settlement-formalities-in-france\/\">\r\n\t\t\t\t\t\tPLUS D'INFOS\t\t\t\t\t<\/a>\r\n\t\t\t\t\t<\/div>\r\n\t\t\t\t\t\t\t<\/div>\r\n\t\t\t\t\t\t<\/div>\r\n\t\t\t\t\t\t<\/div>\n\t\t\t\t<\/div>\n\t\t\t\t<\/div>\n\t\t<div class=\"elementor-element elementor-element-aaff343 e-con-full e-flex e-con e-child\" data-id=\"aaff343\" data-element_type=\"container\">\n\t\t\t\t<div class=\"elementor-element elementor-element-949727d elementor-cta--skin-cover elementor-animated-content elementor-bg-transform elementor-bg-transform-zoom-in elementor-widget elementor-widget-call-to-action\" data-id=\"949727d\" data-element_type=\"widget\" data-widget_type=\"call-to-action.default\">\n\t\t\t\t<div class=\"elementor-widget-container\">\n\t\t\t\t\t\t\t<div class=\"elementor-cta\">\r\n\t\t\t\t\t<div class=\"elementor-cta__bg-wrapper\">\r\n\t\t\t\t<div class=\"elementor-cta__bg elementor-bg\" style=\"background-image: url(https:\/\/bluebridgelaw.com\/wp-content\/uploads\/2024\/05\/DALL\u00b7E-2024-05-23-12.57.52-A-highly-realistic-scene-depicting-representation-before-the-French-courts.-The-image-shows-a-formal-courtroom-with-a-judge-seated-at-the-bench-weari.webp);\" role=\"img\" aria-label=\"DALL\u00b7E 2024-05-23 12.57.52 - A highly realistic scene depicting representation before the French courts. The image shows a formal courtroom with a judge seated at the bench, weari\"><\/div>\r\n\t\t\t\t<div class=\"elementor-cta__bg-overlay\"><\/div>\r\n\t\t\t<\/div>\r\n\t\t\t\t\t\t\t<div class=\"elementor-cta__content\">\r\n\t\t\t\t\r\n\t\t\t\t\t\t\t\t\t<h2 class=\"elementor-cta__title elementor-cta__content-item elementor-content-item elementor-animated-item--grow\">\r\n\t\t\t\t\t\tRepr\u00e9sentation devant les tribunaux fran\u00e7ais\t\t\t\t\t<\/h2>\r\n\t\t\t\t\r\n\t\t\t\t\r\n\t\t\t\t\t\t\t\t\t<div class=\"elementor-cta__button-wrapper elementor-cta__content-item elementor-content-item elementor-animated-item--grow\">\r\n\t\t\t\t\t<a class=\"elementor-cta__button elementor-button elementor-size-\" href=\"https:\/\/bluebridgelaw.com\/fr\/representation-before-the-french-courts\/\">\r\n\t\t\t\t\t\tPLUS D'INFOS\t\t\t\t\t<\/a>\r\n\t\t\t\t\t<\/div>\r\n\t\t\t\t\t\t\t<\/div>\r\n\t\t\t\t\t\t<\/div>\r\n\t\t\t\t\t\t<\/div>\n\t\t\t\t<\/div>\n\t\t\t\t<\/div>\n\t\t\t\t\t<\/div>\n\t\t\t\t<\/div>\n\t\t\t\t\t<\/div>\n\t\t\t\t<\/div>\n\t\t\t\t\t<\/div>\n\t\t\t\t<\/div>\n\t\t<div class=\"elementor-element elementor-element-fa91885 e-flex e-con-boxed e-con e-parent\" data-id=\"fa91885\" data-element_type=\"container\" data-settings=\"{&quot;background_background&quot;:&quot;classic&quot;}\">\n\t\t\t\t\t<div class=\"e-con-inner\">\n\t\t\t\t<div class=\"elementor-element elementor-element-03e1447 elementor-widget elementor-widget-menu-anchor\" data-id=\"03e1447\" data-element_type=\"widget\" data-widget_type=\"menu-anchor.default\">\n\t\t\t\t<div class=\"elementor-widget-container\">\n\t\t\t\t\t\t\t<div class=\"elementor-menu-anchor\" id=\"contacto\"><\/div>\n\t\t\t\t\t\t<\/div>\n\t\t\t\t<\/div>\n\t\t\t\t<div class=\"elementor-element elementor-element-b86d2e8 elementor-widget elementor-widget-heading\" data-id=\"b86d2e8\" data-element_type=\"widget\" data-widget_type=\"heading.default\">\n\t\t\t\t<div class=\"elementor-widget-container\">\n\t\t\t\t\t<h2 class=\"elementor-heading-title elementor-size-default\">CONTACTEZ-NOUS<\/h2>\t\t\t\t<\/div>\n\t\t\t\t<\/div>\n\t\t\t\t\t<\/div>\n\t\t\t\t<\/div>\n\t\t<div class=\"elementor-element elementor-element-cta_container_hml3rfv e-flex e-con-boxed e-con e-parent\" data-id=\"cta_container_hml3rfv\" data-element_type=\"container\" data-settings=\"{&quot;background_background&quot;:&quot;classic&quot;}\">\n\t\t\t\t\t<div class=\"e-con-inner\">\n\t\t\t\t<div class=\"elementor-element elementor-element-h_iltbd3d elementor-widget elementor-widget-heading\" data-id=\"h_iltbd3d\" data-element_type=\"widget\" data-widget_type=\"heading.default\">\n\t\t\t\t<div class=\"elementor-widget-container\">\n\t\t\t\t\t<h2 class=\"elementor-heading-title elementor-size-default\">CONTACTEZ-NOUS<\/h2>\t\t\t\t<\/div>\n\t\t\t\t<\/div>\n\t\t\t\t<div class=\"elementor-element elementor-element-t_egqli4n elementor-widget elementor-widget-text-editor\" data-id=\"t_egqli4n\" data-element_type=\"widget\" data-widget_type=\"text-editor.default\">\n\t\t\t\t<div class=\"elementor-widget-container\">\n\t\t\t\t\t\t\t\t\t<p style=\"text-align:center;color:#F5EFE7;\">Contact us now and get your first free assessment within 48h<\/p>\t\t\t\t\t\t\t\t<\/div>\n\t\t\t\t<\/div>\n\t\t\t\t<div class=\"elementor-element elementor-element-b_ww7clag elementor-align-center elementor-widget elementor-widget-button\" data-id=\"b_ww7clag\" data-element_type=\"widget\" data-widget_type=\"button.default\">\n\t\t\t\t<div class=\"elementor-widget-container\">\n\t\t\t\t\t\t\t\t\t<div class=\"elementor-button-wrapper\">\n\t\t\t\t\t<a class=\"elementor-button elementor-button-link elementor-size-lg\" href=\"https:\/\/bluebridgelaw.com\/fr\/#formulario\">\n\t\t\t\t\t\t<span class=\"elementor-button-content-wrapper\">\n\t\t\t\t\t\t\t\t\t<span class=\"elementor-button-text\">BOOK A CALL<\/span>\n\t\t\t\t\t<\/span>\n\t\t\t\t\t<\/a>\n\t\t\t\t<\/div>\n\t\t\t\t\t\t\t\t<\/div>\n\t\t\t\t<\/div>\n\t\t\t\t\t<\/div>\n\t\t\t\t<\/div>\n\t\t\t\t<\/div>","protected":false},"excerpt":{"rendered":"<p>OUR SERVICES FOR INDIVIDUALS EXPATRIATE TO, OR FROM FRANCEWITH THE RIGHT LEGAL GUIDANCE CONTACT US NOW A PREMIUM SUPPORT TO HELP YOU CARRYING OUT YOUR PROJECT IN FRANCE From the preparation to the implementation of your project in France we accompany you step by step : Inversors Executives Expatriates Posted workers Brexiters High skilled individuals [&hellip;]<\/p>","protected":false},"author":1,"featured_media":0,"parent":0,"menu_order":0,"comment_status":"closed","ping_status":"closed","template":"","meta":{"footnotes":""},"class_list":["post-246","page","type-page","status-publish","hentry"],"_links":{"self":[{"href":"https:\/\/bluebridgelaw.com\/fr\/wp-json\/wp\/v2\/pages\/246","targetHints":{"allow":["GET"]}}],"collection":[{"href":"https:\/\/bluebridgelaw.com\/fr\/wp-json\/wp\/v2\/pages"}],"about":[{"href":"https:\/\/bluebridgelaw.com\/fr\/wp-json\/wp\/v2\/types\/page"}],"author":[{"embeddable":true,"href":"https:\/\/bluebridgelaw.com\/fr\/wp-json\/wp\/v2\/users\/1"}],"replies":[{"embeddable":true,"href":"https:\/\/bluebridgelaw.com\/fr\/wp-json\/wp\/v2\/comments?post=246"}],"version-history":[{"count":124,"href":"https:\/\/bluebridgelaw.com\/fr\/wp-json\/wp\/v2\/pages\/246\/revisions"}],"predecessor-version":[{"id":5808,"href":"https:\/\/bluebridgelaw.com\/fr\/wp-json\/wp\/v2\/pages\/246\/revisions\/5808"}],"wp:attachment":[{"href":"https:\/\/bluebridgelaw.com\/fr\/wp-json\/wp\/v2\/media?parent=246"}],"curies":[{"name":"wp","href":"https:\/\/api.w.org\/{rel}","templated":true}]}}