{"id":3902,"date":"2024-12-10T19:22:05","date_gmt":"2024-12-10T19:22:05","guid":{"rendered":"https:\/\/bluebridgelaw.com\/?page_id=3902"},"modified":"2026-04-01T09:44:37","modified_gmt":"2026-04-01T09:44:37","slug":"our-network-espana","status":"publish","type":"page","link":"https:\/\/bluebridgelaw.com\/fr\/our-network-espana\/","title":{"rendered":"OUR NETWORK ESPA\u00d1A"},"content":{"rendered":"<div data-elementor-type=\"wp-page\" data-elementor-id=\"3902\" class=\"elementor elementor-3902\" data-elementor-post-type=\"page\">\n\t\t\t\t<div class=\"elementor-element elementor-element-f87120f e-flex e-con-boxed e-con e-parent\" data-id=\"f87120f\" data-element_type=\"container\" data-settings=\"{&quot;background_background&quot;:&quot;classic&quot;}\">\n\t\t\t\t\t<div class=\"e-con-inner\">\n\t\t<div class=\"elementor-element elementor-element-28d13f7 e-flex e-con-boxed e-con e-child\" data-id=\"28d13f7\" data-element_type=\"container\">\n\t\t\t\t\t<div class=\"e-con-inner\">\n\t\t\t\t<div class=\"elementor-element elementor-element-7538a14 elementor-widget elementor-widget-heading\" data-id=\"7538a14\" data-element_type=\"widget\" data-widget_type=\"heading.default\">\n\t\t\t\t<div class=\"elementor-widget-container\">\n\t\t\t\t\t<h1 class=\"elementor-heading-title elementor-size-default\">OUR NETWORK IN SPAIN<\/h1>\t\t\t\t<\/div>\n\t\t\t\t<\/div>\n\t\t\t\t<div class=\"elementor-element elementor-element-9496ff9 elementor-widget elementor-widget-heading\" data-id=\"9496ff9\" data-element_type=\"widget\" data-widget_type=\"heading.default\">\n\t\t\t\t<div class=\"elementor-widget-container\">\n\t\t\t\t\t<h2 class=\"elementor-heading-title elementor-size-default\">MEET OUR NETWORK OF SPANISH<br> ATTORNEYS AND EXPERTS<\/h2>\t\t\t\t<\/div>\n\t\t\t\t<\/div>\n\t\t\t\t<div class=\"elementor-element elementor-element-9e43a2f elementor-align-center elementor-widget elementor-widget-button\" data-id=\"9e43a2f\" data-element_type=\"widget\" data-widget_type=\"button.default\">\n\t\t\t\t<div class=\"elementor-widget-container\">\n\t\t\t\t\t\t\t\t\t<div class=\"elementor-button-wrapper\">\n\t\t\t\t\t<a class=\"elementor-button elementor-button-link elementor-size-sm\" href=\"#contacto\">\n\t\t\t\t\t\t<span class=\"elementor-button-content-wrapper\">\n\t\t\t\t\t\t\t\t\t<span class=\"elementor-button-text\">CONTACTEZ-NOUS<\/span>\n\t\t\t\t\t<\/span>\n\t\t\t\t\t<\/a>\n\t\t\t\t<\/div>\n\t\t\t\t\t\t\t\t<\/div>\n\t\t\t\t<\/div>\n\t\t\t\t\t<\/div>\n\t\t\t\t<\/div>\n\t\t\t\t\t<\/div>\n\t\t\t\t<\/div>\n\t\t<div class=\"elementor-element elementor-element-36b07a3 e-flex e-con-boxed e-con e-parent\" data-id=\"36b07a3\" data-element_type=\"container\" data-settings=\"{&quot;background_background&quot;:&quot;classic&quot;}\">\n\t\t\t\t\t<div class=\"e-con-inner\">\n\t\t\t\t<div class=\"elementor-element elementor-element-1d653dc elementor-widget elementor-widget-heading\" data-id=\"1d653dc\" data-element_type=\"widget\" data-widget_type=\"heading.default\">\n\t\t\t\t<div class=\"elementor-widget-container\">\n\t\t\t\t\t<h2 class=\"elementor-heading-title elementor-size-default\">Notre r\u00e9seau de professionnels<\/h2>\t\t\t\t<\/div>\n\t\t\t\t<\/div>\n\t\t\t\t\t<\/div>\n\t\t\t\t<\/div>\n\t\t<div class=\"elementor-element elementor-element-e067382 e-flex e-con-boxed e-con e-parent\" data-id=\"e067382\" data-element_type=\"container\">\n\t\t\t\t\t<div class=\"e-con-inner\">\n\t\t\t\t<div class=\"elementor-element elementor-element-1f9786a elementor-widget elementor-widget-heading\" data-id=\"1f9786a\" data-element_type=\"widget\" data-widget_type=\"heading.default\">\n\t\t\t\t<div class=\"elementor-widget-container\">\n\t\t\t\t\t<h2 class=\"elementor-heading-title elementor-size-default\">Integrity. Professionalism. Reliability. Support.\n\n<\/h2>\t\t\t\t<\/div>\n\t\t\t\t<\/div>\n\t\t\t\t<div class=\"elementor-element elementor-element-afe0323 elementor-widget elementor-widget-text-editor\" data-id=\"afe0323\" data-element_type=\"widget\" data-widget_type=\"text-editor.default\">\n\t\t\t\t<div class=\"elementor-widget-container\">\n\t\t\t\t\t\t\t\t\t<p>Le r\u00e9seau Blue Bridge est constitu\u00e9 d'un ensemble organis\u00e9 d'avocats et de juristes sp\u00e9cialis\u00e9s dans diff\u00e9rents domaines du droit et poss\u00e9dant une vaste exp\u00e9rience dans les domaines juridique et corporatif, principalement bas\u00e9s \u00e0 Madrid, en Espagne, et \u00e0 Paris, en France, ainsi que dans d'autres r\u00e9gions telles que l'Am\u00e9rique du Sud.<\/p>\t\t\t\t\t\t\t\t<\/div>\n\t\t\t\t<\/div>\n\t\t\t\t\t<\/div>\n\t\t\t\t<\/div>\n\t\t<div class=\"elementor-element elementor-element-6b8d054 e-flex e-con-boxed e-con e-parent\" data-id=\"6b8d054\" data-element_type=\"container\">\n\t\t\t\t\t<div class=\"e-con-inner\">\n\t\t<div class=\"elementor-element elementor-element-b6334fe e-con-full e-flex elementor-invisible e-con e-child\" data-id=\"b6334fe\" data-element_type=\"container\" data-settings=\"{&quot;background_background&quot;:&quot;classic&quot;,&quot;animation&quot;:&quot;fadeInLeft&quot;}\">\n\t\t<div class=\"elementor-element elementor-element-c52e280 e-flex e-con-boxed e-con e-child\" data-id=\"c52e280\" data-element_type=\"container\">\n\t\t\t\t\t<div class=\"e-con-inner\">\n\t\t\t\t<div class=\"elementor-element elementor-element-b917b99 elementor-widget elementor-widget-image\" data-id=\"b917b99\" data-element_type=\"widget\" data-widget_type=\"image.default\">\n\t\t\t\t<div class=\"elementor-widget-container\">\n\t\t\t\t\t\t\t\t\t\t\t\t\t\t\t<img fetchpriority=\"high\" decoding=\"async\" width=\"218\" height=\"299\" src=\"https:\/\/bluebridgelaw.com\/wp-content\/uploads\/2024\/05\/Recurso-1-2.webp\" class=\"attachment-large size-large wp-image-274\" alt=\"|\" title=\"\">\t\t\t\t\t\t\t\t\t\t\t\t\t\t\t<\/div>\n\t\t\t\t<\/div>\n\t\t\t\t\t<\/div>\n\t\t\t\t<\/div>\n\t\t<div class=\"elementor-element elementor-element-f3055b1 e-flex e-con-boxed e-con e-child\" data-id=\"f3055b1\" data-element_type=\"container\">\n\t\t\t\t\t<div class=\"e-con-inner\">\n\t\t\t\t<div class=\"elementor-element elementor-element-6424905 elementor-widget elementor-widget-heading\" data-id=\"6424905\" data-element_type=\"widget\" data-widget_type=\"heading.default\">\n\t\t\t\t<div class=\"elementor-widget-container\">\n\t\t\t\t\t<h2 class=\"elementor-heading-title elementor-size-default\">Expert in International Private Law and Global Mobility<br><br> Founder of Blue Bridge\n\n\n\n<\/h2>\t\t\t\t<\/div>\n\t\t\t\t<\/div>\n\t\t\t\t<div class=\"elementor-element elementor-element-2615c36 elementor-widget elementor-widget-heading\" data-id=\"2615c36\" data-element_type=\"widget\" data-widget_type=\"heading.default\">\n\t\t\t\t<div class=\"elementor-widget-container\">\n\t\t\t\t\t<h2 class=\"elementor-heading-title elementor-size-default\">Yuliana Colorado\n\n<\/h2>\t\t\t\t<\/div>\n\t\t\t\t<\/div>\n\t\t\t\t<div class=\"elementor-element elementor-element-a18955c elementor-widget elementor-widget-text-editor\" data-id=\"a18955c\" data-element_type=\"widget\" data-widget_type=\"text-editor.default\">\n\t\t\t\t<div class=\"elementor-widget-container\">\n\t\t\t\t\t\t\t\t\t<div id=\"comp-ln8tdhy3__item-ke74c9a7\" class=\"comp-ln8tdhy3 YzqVVZ wixui-repeater__item\" role=\"listitem\">\n<div class=\"\" data-mesh-id=\"comp-ln8tdhy3__item-ke74c9a7inlineContent\" data-testid=\"inline-content\">\n<div data-mesh-id=\"comp-ln8tdhy3__item-ke74c9a7inlineContent-gridContainer\" data-testid=\"mesh-container-content\">\n<div id=\"comp-ln8tdhz1__item-ke74c9a7\" class=\"HcOXKn c9GqVL QxJLC3 comp-ln8tdhz1 wixui-rich-text\" data-testid=\"richTextElement\">\n<div id=\"comp-ln8tdhy3__item1\" class=\"comp-ln8tdhy3 YzqVVZ wixui-repeater__item\" role=\"listitem\">\n<div class=\"\" data-mesh-id=\"comp-ln8tdhy3__item1inlineContent\" data-testid=\"inline-content\">\n<div data-mesh-id=\"comp-ln8tdhy3__item1inlineContent-gridContainer\" data-testid=\"mesh-container-content\">\n<div id=\"comp-ln8tdhz1__item1\" class=\"HcOXKn c9GqVL QxJLC3 comp-ln8tdhz1 wixui-rich-text\" data-testid=\"richTextElement\">\n<section id=\"comp-ln8tdhuk\" class=\"Oqnisf comp-ln8tdhuk wixui-section\" tabindex=\"-1\" data-block-level-container=\"ClassicSection\">\n<div class=\"\" data-mesh-id=\"comp-ln8tdhukinlineContent\" data-testid=\"inline-content\">\n<div data-mesh-id=\"comp-ln8tdhukinlineContent-gridContainer\" data-testid=\"mesh-container-content\">\n<div id=\"comp-ln8tdhxn\" class=\"comp-ln8tdhxn wixui-repeater\">\n<div id=\"comp-ln8tdhxn_wrapper\" class=\"o6oDlF\">\n<div id=\"comp-ln8tdhy3__item-ke74cbkg\" class=\"comp-ln8tdhy3 YzqVVZ wixui-repeater__item\" role=\"listitem\">\n<div class=\"\" data-mesh-id=\"comp-ln8tdhy3__item-ke74cbkginlineContent\" data-testid=\"inline-content\">\n<div data-mesh-id=\"comp-ln8tdhy3__item-ke74cbkginlineContent-gridContainer\" data-testid=\"mesh-container-content\">\n<div id=\"comp-ln8tdhz1__item-ke74cbkg\" class=\"HcOXKn c9GqVL QxJLC3 comp-ln8tdhz1 wixui-rich-text\" data-testid=\"richTextElement\">\n<p>Admitted to the Paris and Madrid Bars, Me Yuliana Colorado specializes in international private law and global mobility. She advises companies on hiring international talent and deploying teams abroad, and assists individuals, including executives, artists, and investors, with migration needs to France and Spain.<\/p>\n<p>Fluent in French, English, Spanish, and Italian, she also supports British families in securing residence permits post-Brexit.<\/p>\n<\/div>\n<\/div>\n<\/div>\n<\/div>\n<\/div>\n<\/div>\n<\/div>\n<\/div>\n<\/section>\n<\/div>\n<\/div>\n<\/div>\n<\/div>\n<\/div>\n<\/div>\n<\/div>\n<\/div>\t\t\t\t\t\t\t\t<\/div>\n\t\t\t\t<\/div>\n\t\t\t\t\t<\/div>\n\t\t\t\t<\/div>\n\t\t\t\t<\/div>\n\t\t<div class=\"elementor-element elementor-element-5cebe1c e-con-full e-flex elementor-invisible e-con e-child\" data-id=\"5cebe1c\" data-element_type=\"container\" data-settings=\"{&quot;background_background&quot;:&quot;classic&quot;,&quot;animation&quot;:&quot;fadeInRight&quot;}\">\n\t\t<div class=\"elementor-element elementor-element-a065532 e-flex e-con-boxed e-con e-child\" data-id=\"a065532\" data-element_type=\"container\">\n\t\t\t\t\t<div class=\"e-con-inner\">\n\t\t\t\t<div class=\"elementor-element elementor-element-ee0c342 elementor-widget elementor-widget-image\" data-id=\"ee0c342\" data-element_type=\"widget\" data-widget_type=\"image.default\">\n\t\t\t\t<div class=\"elementor-widget-container\">\n\t\t\t\t\t\t\t\t\t\t\t\t\t\t\t<img decoding=\"async\" width=\"191\" height=\"293\" src=\"https:\/\/bluebridgelaw.com\/wp-content\/uploads\/2024\/05\/WhatsApp-Image-2023-10-02-at-18_19_23.webp\" class=\"attachment-large size-large wp-image-277\" alt=\"|\" title=\"\">\t\t\t\t\t\t\t\t\t\t\t\t\t\t\t<\/div>\n\t\t\t\t<\/div>\n\t\t\t\t\t<\/div>\n\t\t\t\t<\/div>\n\t\t<div class=\"elementor-element elementor-element-3b22b4e e-flex e-con-boxed e-con e-child\" data-id=\"3b22b4e\" data-element_type=\"container\">\n\t\t\t\t\t<div class=\"e-con-inner\">\n\t\t\t\t<div class=\"elementor-element elementor-element-543da50 elementor-widget elementor-widget-heading\" data-id=\"543da50\" data-element_type=\"widget\" data-widget_type=\"heading.default\">\n\t\t\t\t<div class=\"elementor-widget-container\">\n\t\t\t\t\t<h2 class=\"elementor-heading-title elementor-size-default\">Conseiller juridique ind\u00e9pendant\n\n\n<\/h2>\t\t\t\t<\/div>\n\t\t\t\t<\/div>\n\t\t\t\t<div class=\"elementor-element elementor-element-9fc7f5e elementor-widget elementor-widget-heading\" data-id=\"9fc7f5e\" data-element_type=\"widget\" data-widget_type=\"heading.default\">\n\t\t\t\t<div class=\"elementor-widget-container\">\n\t\t\t\t\t<h2 class=\"elementor-heading-title elementor-size-default\">Mayra Alejandra Saavedra\n\n\n<\/h2>\t\t\t\t<\/div>\n\t\t\t\t<\/div>\n\t\t\t\t<div class=\"elementor-element elementor-element-451ed91 elementor-widget elementor-widget-text-editor\" data-id=\"451ed91\" data-element_type=\"widget\" data-widget_type=\"text-editor.default\">\n\t\t\t\t<div class=\"elementor-widget-container\">\n\t\t\t\t\t\t\t\t\t<div id=\"comp-ln8tdhy3__item-ke74c9a7\" class=\"comp-ln8tdhy3 YzqVVZ wixui-repeater__item\" role=\"listitem\">\n<div class=\"\" data-mesh-id=\"comp-ln8tdhy3__item-ke74c9a7inlineContent\" data-testid=\"inline-content\">\n<div data-mesh-id=\"comp-ln8tdhy3__item-ke74c9a7inlineContent-gridContainer\" data-testid=\"mesh-container-content\">\n<div id=\"comp-ln8tdhz1__item-ke74c9a7\" class=\"HcOXKn c9GqVL QxJLC3 comp-ln8tdhz1 wixui-rich-text\" data-testid=\"richTextElement\">\n<div id=\"comp-ln8tdhy3__item1\" class=\"comp-ln8tdhy3 YzqVVZ wixui-repeater__item\" role=\"listitem\">\n<div class=\"\" data-mesh-id=\"comp-ln8tdhy3__item1inlineContent\" data-testid=\"inline-content\">\n<div data-mesh-id=\"comp-ln8tdhy3__item1inlineContent-gridContainer\" data-testid=\"mesh-container-content\">\n<div id=\"comp-ln8tdhz1__item1\" class=\"HcOXKn c9GqVL QxJLC3 comp-ln8tdhz1 wixui-rich-text\" data-testid=\"richTextElement\">\n<section id=\"comp-ln8tdhuk\" class=\"Oqnisf comp-ln8tdhuk wixui-section\" tabindex=\"-1\" data-block-level-container=\"ClassicSection\">\n<div class=\"\" data-mesh-id=\"comp-ln8tdhukinlineContent\" data-testid=\"inline-content\">\n<div data-mesh-id=\"comp-ln8tdhukinlineContent-gridContainer\" data-testid=\"mesh-container-content\">\n<div id=\"comp-ln8tdhxn\" class=\"comp-ln8tdhxn wixui-repeater\">\n<div id=\"comp-ln8tdhxn_wrapper\" class=\"o6oDlF\">\n<div id=\"comp-ln8tdhy3__item-ke74cbkg\" class=\"comp-ln8tdhy3 YzqVVZ wixui-repeater__item\" role=\"listitem\">\n<div class=\"\" data-mesh-id=\"comp-ln8tdhy3__item-ke74cbkginlineContent\" data-testid=\"inline-content\">\n<div data-mesh-id=\"comp-ln8tdhy3__item-ke74cbkginlineContent-gridContainer\" data-testid=\"mesh-container-content\">\n<div id=\"comp-ln8tdhz1__item-ke74cbkg\" class=\"HcOXKn c9GqVL QxJLC3 comp-ln8tdhz1 wixui-rich-text\" data-testid=\"richTextElement\">\n<p class=\"font_8 wixui-rich-text__text\"><span class=\"wixui-rich-text__text\">Admise au barreau de Bogota, Me Alejandra Saavedra pr\u00e9pare actuellement un master en droit \u00e9tranger \u00e0 Paris, en France. Elle a travaill\u00e9 dans le domaine juridique en tant qu'avocate en Colombie, o\u00f9 elle a aid\u00e9 les victimes de conflits arm\u00e9s \u00e0 obtenir r\u00e9paration. Elle a de l'exp\u00e9rience dans la r\u00e9daction de documents juridiques, l'analyse des demandes des victimes et le suivi des proc\u00e9dures. Elle a obtenu un master en politiques migratoires \u00e0 l'universit\u00e9 d'Alicante, en Espagne.<\/span><\/p>\n<\/div>\n<\/div>\n<\/div>\n<\/div>\n<\/div>\n<\/div>\n<\/div>\n<\/div>\n<\/section>\n<section id=\"comp-lnlw8c68\" class=\"Oqnisf comp-lnlw8c68 wixui-section\" tabindex=\"-1\" data-block-level-container=\"ClassicSection\">\n<div id=\"bgLayers_comp-lnlw8c68\" class=\"MW5IWV\" data-hook=\"bgLayers\" data-motion-part=\"BG_LAYER\">\u00a0<\/div>\n<\/section>\n<\/div>\n<\/div>\n<\/div>\n<\/div>\n<\/div>\n<\/div>\n<\/div>\n<\/div>\t\t\t\t\t\t\t\t<\/div>\n\t\t\t\t<\/div>\n\t\t\t\t\t<\/div>\n\t\t\t\t<\/div>\n\t\t\t\t<\/div>\n\t\t\t\t\t<\/div>\n\t\t\t\t<\/div>\n\t\t<div class=\"elementor-element elementor-element-dc2db30 e-flex e-con-boxed e-con e-parent\" data-id=\"dc2db30\" data-element_type=\"container\" data-settings=\"{&quot;background_background&quot;:&quot;classic&quot;}\">\n\t\t\t\t\t<div class=\"e-con-inner\">\n\t\t\t\t<div class=\"elementor-element elementor-element-20644e1 elementor-widget elementor-widget-menu-anchor\" data-id=\"20644e1\" data-element_type=\"widget\" data-widget_type=\"menu-anchor.default\">\n\t\t\t\t<div class=\"elementor-widget-container\">\n\t\t\t\t\t\t\t<div class=\"elementor-menu-anchor\" id=\"contacto\"><\/div>\n\t\t\t\t\t\t<\/div>\n\t\t\t\t<\/div>\n\t\t\t\t<div class=\"elementor-element elementor-element-0965ebe elementor-widget elementor-widget-heading\" data-id=\"0965ebe\" data-element_type=\"widget\" data-widget_type=\"heading.default\">\n\t\t\t\t<div class=\"elementor-widget-container\">\n\t\t\t\t\t<h2 class=\"elementor-heading-title elementor-size-default\">Contactez-nous<\/h2>\t\t\t\t<\/div>\n\t\t\t\t<\/div>\n\t\t\t\t\t<\/div>\n\t\t\t\t<\/div>\n\t\t<div class=\"elementor-element elementor-element-cta_container_s684tvf e-flex e-con-boxed e-con e-parent\" data-id=\"cta_container_s684tvf\" data-element_type=\"container\" data-settings=\"{&quot;background_background&quot;:&quot;classic&quot;}\">\n\t\t\t\t\t<div class=\"e-con-inner\">\n\t\t\t\t<div class=\"elementor-element elementor-element-h_ghlvipm elementor-widget elementor-widget-heading\" data-id=\"h_ghlvipm\" data-element_type=\"widget\" data-widget_type=\"heading.default\">\n\t\t\t\t<div class=\"elementor-widget-container\">\n\t\t\t\t\t<h2 class=\"elementor-heading-title elementor-size-default\">CONTACTEZ-NOUS<\/h2>\t\t\t\t<\/div>\n\t\t\t\t<\/div>\n\t\t\t\t<div class=\"elementor-element elementor-element-t_2bdqeq9 elementor-widget elementor-widget-text-editor\" data-id=\"t_2bdqeq9\" data-element_type=\"widget\" data-widget_type=\"text-editor.default\">\n\t\t\t\t<div class=\"elementor-widget-container\">\n\t\t\t\t\t\t\t\t\t<p style=\"text-align:center;color:#F5EFE7;\">Contact us now and get your first free assessment within 48h<\/p>\t\t\t\t\t\t\t\t<\/div>\n\t\t\t\t<\/div>\n\t\t\t\t<div class=\"elementor-element elementor-element-b_qwxgnmh elementor-align-center elementor-widget elementor-widget-button\" data-id=\"b_qwxgnmh\" data-element_type=\"widget\" data-widget_type=\"button.default\">\n\t\t\t\t<div class=\"elementor-widget-container\">\n\t\t\t\t\t\t\t\t\t<div class=\"elementor-button-wrapper\">\n\t\t\t\t\t<a class=\"elementor-button elementor-button-link elementor-size-lg\" href=\"https:\/\/bluebridgelaw.com\/fr\/#formulario\">\n\t\t\t\t\t\t<span class=\"elementor-button-content-wrapper\">\n\t\t\t\t\t\t\t\t\t<span class=\"elementor-button-text\">BOOK A CALL<\/span>\n\t\t\t\t\t<\/span>\n\t\t\t\t\t<\/a>\n\t\t\t\t<\/div>\n\t\t\t\t\t\t\t\t<\/div>\n\t\t\t\t<\/div>\n\t\t\t\t\t<\/div>\n\t\t\t\t<\/div>\n\t\t\t\t<\/div>","protected":false},"excerpt":{"rendered":"<p>OUR NETWORK IN SPAIN MEET OUR NETWORK OF SPANISH ATTORNEYS AND EXPERTS CONTACT US NOW Our network or professionals Integrity. Professionalism. Reliability. Support. Blue Bridge&#8217;s network is formed by an organized assemble of attorneys and legal advisors, specialized in different branches of Law and with extensive experience in the legal and corporate fields based primarily [&hellip;]<\/p>","protected":false},"author":1,"featured_media":0,"parent":0,"menu_order":0,"comment_status":"closed","ping_status":"closed","template":"","meta":{"footnotes":""},"class_list":["post-3902","page","type-page","status-publish","hentry"],"_links":{"self":[{"href":"https:\/\/bluebridgelaw.com\/fr\/wp-json\/wp\/v2\/pages\/3902","targetHints":{"allow":["GET"]}}],"collection":[{"href":"https:\/\/bluebridgelaw.com\/fr\/wp-json\/wp\/v2\/pages"}],"about":[{"href":"https:\/\/bluebridgelaw.com\/fr\/wp-json\/wp\/v2\/types\/page"}],"author":[{"embeddable":true,"href":"https:\/\/bluebridgelaw.com\/fr\/wp-json\/wp\/v2\/users\/1"}],"replies":[{"embeddable":true,"href":"https:\/\/bluebridgelaw.com\/fr\/wp-json\/wp\/v2\/comments?post=3902"}],"version-history":[{"count":19,"href":"https:\/\/bluebridgelaw.com\/fr\/wp-json\/wp\/v2\/pages\/3902\/revisions"}],"predecessor-version":[{"id":5828,"href":"https:\/\/bluebridgelaw.com\/fr\/wp-json\/wp\/v2\/pages\/3902\/revisions\/5828"}],"wp:attachment":[{"href":"https:\/\/bluebridgelaw.com\/fr\/wp-json\/wp\/v2\/media?parent=3902"}],"curies":[{"name":"wp","href":"https:\/\/api.w.org\/{rel}","templated":true}]}}