{"id":587,"date":"2024-05-24T11:07:28","date_gmt":"2024-05-24T11:07:28","guid":{"rendered":"https:\/\/bluebridgelaw.com\/?page_id=587"},"modified":"2024-08-30T10:13:30","modified_gmt":"2024-08-30T10:13:30","slug":"cookies-policy","status":"publish","type":"page","link":"https:\/\/bluebridgelaw.com\/fr\/cookies-policy\/","title":{"rendered":"Politique en mati\u00e8re de cookies"},"content":{"rendered":"<div data-elementor-type=\"wp-page\" data-elementor-id=\"587\" class=\"elementor elementor-587\" data-elementor-post-type=\"page\">\n\t\t\t\t<div class=\"elementor-element elementor-element-6e367bf e-flex e-con-boxed e-con e-parent\" data-id=\"6e367bf\" data-element_type=\"container\" data-settings=\"{&quot;background_background&quot;:&quot;classic&quot;}\">\n\t\t\t\t\t<div class=\"e-con-inner\">\n\t\t<div class=\"elementor-element elementor-element-6efc34a e-flex e-con-boxed e-con e-child\" data-id=\"6efc34a\" data-element_type=\"container\">\n\t\t\t\t\t<div class=\"e-con-inner\">\n\t\t\t\t<div class=\"elementor-element elementor-element-b6de496 elementor-widget elementor-widget-heading\" data-id=\"b6de496\" data-element_type=\"widget\" data-widget_type=\"heading.default\">\n\t\t\t\t<div class=\"elementor-widget-container\">\n\t\t\t\t\t<h1 class=\"elementor-heading-title elementor-size-default\">Politique en mati\u00e8re de cookies<\/h1>\t\t\t\t<\/div>\n\t\t\t\t<\/div>\n\t\t\t\t\t<\/div>\n\t\t\t\t<\/div>\n\t\t\t\t\t<\/div>\n\t\t\t\t<\/div>\n\t\t<div class=\"elementor-element elementor-element-48609c7 e-flex e-con-boxed e-con e-parent\" data-id=\"48609c7\" data-element_type=\"container\" data-settings=\"{&quot;background_background&quot;:&quot;classic&quot;}\">\n\t\t\t\t\t<div class=\"e-con-inner\">\n\t\t\t\t<div class=\"elementor-element elementor-element-b32d27a elementor-widget elementor-widget-heading\" data-id=\"b32d27a\" data-element_type=\"widget\" data-widget_type=\"heading.default\">\n\t\t\t\t<div class=\"elementor-widget-container\">\n\t\t\t\t\t<h2 class=\"elementor-heading-title elementor-size-default\">Politique de protection des donn\u00e9es personnelles<\/h2>\t\t\t\t<\/div>\n\t\t\t\t<\/div>\n\t\t\t\t\t<\/div>\n\t\t\t\t<\/div>\n\t\t<div class=\"elementor-element elementor-element-774c842 e-flex e-con-boxed e-con e-parent\" data-id=\"774c842\" data-element_type=\"container\">\n\t\t\t\t\t<div class=\"e-con-inner\">\n\t\t\t\t<div class=\"elementor-element elementor-element-59c8111 elementor-widget elementor-widget-text-editor\" data-id=\"59c8111\" data-element_type=\"widget\" data-widget_type=\"text-editor.default\">\n\t\t\t\t<div class=\"elementor-widget-container\">\n\t\t\t\t\t\t\t\t\t<p class=\"font_7 wixui-rich-text__text\"><span class=\"wixui-rich-text__text\">La protection des donn\u00e9es personnelles est une pr\u00e9occupation majeure pour les avocats de Blue Bridge, en particulier en ce qui concerne les dossiers financiers et op\u00e9rationnels associ\u00e9s \u00e0 chaque avocat, ainsi que les informations sur les nouveaux clients potentiels.<\/span><\/p><p class=\"font_7 wixui-rich-text__text\"><br class=\"wixui-rich-text__text\" \/><span class=\"wixui-rich-text__text\">Blue Bridge s'engage \u00e0 pr\u00e9server la confidentialit\u00e9 de ces donn\u00e9es et \u00e0 instaurer un climat de confiance dans ses relations avec ses clients.<\/span><\/p><p class=\"font_7 wixui-rich-text__text\"><br class=\"wixui-rich-text__text\" \/><span class=\"wixui-rich-text__text\">Dans le cadre de l'exploitation de ce site, Blue Bridge collecte et traite des informations personnelles telles que vos nom et pr\u00e9nom, votre adresse postale, votre adresse de facturation et votre adresse \u00e9lectronique.\u00a0<\/span><\/p><p class=\"font_7 wixui-rich-text__text\"><span class=\"wixui-rich-text__text\"><span class=\"wixGuard wixui-rich-text__text\">\u200b<\/span><\/span><\/p><p class=\"font_7 wixui-rich-text__text\"><span class=\"wixui-rich-text__text\">Ces informations sont utilis\u00e9es pour permettre \u00e0 l'avocat en charge de g\u00e9rer la facturation, le recouvrement et la gestion des dossiers des clients, ainsi que pour assurer le suivi de la relation avec les clients et mener des actions de prospection par voie \u00e9lectronique (envoi de newsletters, veille juridique, etc.).<\/span><\/p><p class=\"font_7 wixui-rich-text__text\"><br class=\"wixui-rich-text__text\" \/><span class=\"wixui-rich-text__text\">Conform\u00e9ment au R\u00e8glement g\u00e9n\u00e9ral sur la protection des donn\u00e9es (RGPD) et \u00e0 la loi organique n\u00b0 3\/2018 du 5 d\u00e9cembre relative \u00e0 la protection des donn\u00e9es et \u00e0 la garantie des droits num\u00e9riques, il est soulign\u00e9 que le traitement des donn\u00e9es personnelles du client est confidentiel et strictement n\u00e9cessaire \u00e0 la prestation des services convenus entre les parties.<\/span><\/p><p class=\"font_7 wixui-rich-text__text\"><span class=\"wixui-rich-text__text\"><span class=\"wixGuard wixui-rich-text__text\">\u200b<\/span><\/span><\/p><p class=\"font_7 wixui-rich-text__text\"><span class=\"wixui-rich-text__text\">Pour des raisons l\u00e9gitimes, les clients peuvent s'opposer au traitement de leurs donn\u00e9es et ont le droit d'acc\u00e9der, de limiter, de rectifier, de supprimer ou d'effacer leurs donn\u00e9es personnelles.<\/span><\/p><p class=\"font_7 wixui-rich-text__text\"><span class=\"wixui-rich-text__text\"><span class=\"wixGuard wixui-rich-text__text\">\u200b<\/span><\/span><\/p><p class=\"font_7 wixui-rich-text__text\"><span class=\"wixui-rich-text__text\">Les droits susmentionn\u00e9s peuvent \u00eatre exerc\u00e9s en contactant le responsable du traitement \u00e0 l'adresse suivante : ycolorado@colorado-avocat.com, ou par courrier postal \u00e0 l'adresse suivante : Calle Villalar 7, Bajo Izquierda, 28001, Madrid.\u00a0<br class=\"wixui-rich-text__text\" \/>ycolorado@colorado-avocat.com, or by mail to the following address: Calle Villalar 7, Bajo Izquierda, 28001, Madrid.<\/span><\/p><p class=\"font_7 wixui-rich-text__text\"><span class=\"wixui-rich-text__text\">En cas de litige, il est possible de s'adresser \u00e0 l'Agence espagnole de protection des donn\u00e9es (Jorge Juan, 6 28001-Madrid), autorit\u00e9 de contr\u00f4le comp\u00e9tente.<\/span><\/p>\t\t\t\t\t\t\t\t<\/div>\n\t\t\t\t<\/div>\n\t\t\t\t\t<\/div>\n\t\t\t\t<\/div>\n\t\t\t\t<\/div>","protected":false},"excerpt":{"rendered":"<p>Cookies policy Personal Data Protection Policy The protection of personal data is a major concern for the Blue Bridge attorneys, particularly with respect to financial and operational records associated with each attorney, as well as information on potential new clients. Blue Bridge is committed to maintaining the confidentiality of such data and to establishing a [&hellip;]<\/p>","protected":false},"author":1,"featured_media":0,"parent":0,"menu_order":0,"comment_status":"closed","ping_status":"closed","template":"","meta":{"footnotes":""},"class_list":["post-587","page","type-page","status-publish","hentry"],"_links":{"self":[{"href":"https:\/\/bluebridgelaw.com\/fr\/wp-json\/wp\/v2\/pages\/587","targetHints":{"allow":["GET"]}}],"collection":[{"href":"https:\/\/bluebridgelaw.com\/fr\/wp-json\/wp\/v2\/pages"}],"about":[{"href":"https:\/\/bluebridgelaw.com\/fr\/wp-json\/wp\/v2\/types\/page"}],"author":[{"embeddable":true,"href":"https:\/\/bluebridgelaw.com\/fr\/wp-json\/wp\/v2\/users\/1"}],"replies":[{"embeddable":true,"href":"https:\/\/bluebridgelaw.com\/fr\/wp-json\/wp\/v2\/comments?post=587"}],"version-history":[{"count":11,"href":"https:\/\/bluebridgelaw.com\/fr\/wp-json\/wp\/v2\/pages\/587\/revisions"}],"predecessor-version":[{"id":2669,"href":"https:\/\/bluebridgelaw.com\/fr\/wp-json\/wp\/v2\/pages\/587\/revisions\/2669"}],"wp:attachment":[{"href":"https:\/\/bluebridgelaw.com\/fr\/wp-json\/wp\/v2\/media?parent=587"}],"curies":[{"name":"wp","href":"https:\/\/api.w.org\/{rel}","templated":true}]}}